{"id":1889,"date":"2024-07-22T09:33:15","date_gmt":"2024-07-22T09:33:15","guid":{"rendered":"https:\/\/hopeboutique.net\/?page_id=1889"},"modified":"2025-06-14T12:17:46","modified_gmt":"2025-06-14T12:17:46","slug":"e-books","status":"publish","type":"page","link":"https:\/\/hopeboutique.net\/","title":{"rendered":"E-BOOKS"},"content":{"rendered":"\t\t<div data-elementor-type=\"wp-page\" data-elementor-id=\"1889\" class=\"elementor elementor-1889\">\n\t\t\t\t\t\t<section class=\"elementor-section elementor-top-section elementor-element elementor-element-18e7242 elementor-section-stretched elementor-section-boxed elementor-section-height-default elementor-section-height-default\" data-id=\"18e7242\" data-element_type=\"section\" data-e-type=\"section\" data-settings=\"{&quot;stretch_section&quot;:&quot;section-stretched&quot;,&quot;shape_divider_top&quot;:&quot;clouds&quot;,&quot;shape_divider_bottom&quot;:&quot;pyramids&quot;}\">\n\t\t\t\t\t<div class=\"elementor-shape elementor-shape-top\" aria-hidden=\"true\" data-negative=\"false\">\n\t\t\t<svg xmlns=\"http:\/\/www.w3.org\/2000\/svg\" viewBox=\"0 0 283.5 27.8\" preserveAspectRatio=\"xMidYMax slice\">\n  <path class=\"elementor-shape-fill\" d=\"M0 0v6.7c1.9-.8 4.7-1.4 8.5-1 9.5 1.1 11.1 6 11.1 6s2.1-.7 4.3-.2c2.1.5 2.8 2.6 2.8 2.6s.2-.5 1.4-.7c1.2-.2 1.7.2 1.7.2s0-2.1 1.9-2.8c1.9-.7 3.6.7 3.6.7s.7-2.9 3.1-4.1 4.7 0 4.7 0 1.2-.5 2.4 0 1.7 1.4 1.7 1.4h1.4c.7 0 1.2.7 1.2.7s.8-1.8 4-2.2c3.5-.4 5.3 2.4 6.2 4.4.4-.4 1-.7 1.8-.9 2.8-.7 4 .7 4 .7s1.7-5 11.1-6c9.5-1.1 12.3 3.9 12.3 3.9s1.2-4.8 5.7-5.7c4.5-.9 6.8 1.8 6.8 1.8s.6-.6 1.5-.9c.9-.2 1.9-.2 1.9-.2s5.2-6.4 12.6-3.3c7.3 3.1 4.7 9 4.7 9s1.9-.9 4 0 2.8 2.4 2.8 2.4 1.9-1.2 4.5-1.2 4.3 1.2 4.3 1.2.2-1 1.4-1.7 2.1-.7 2.1-.7-.5-3.1 2.1-5.5 5.7-1.4 5.7-1.4 1.5-2.3 4.2-1.1c2.7 1.2 1.7 5.2 1.7 5.2s.3-.1 1.3.5c.5.4.8.8.9 1.1.5-1.4 2.4-5.8 8.4-4 7.1 2.1 3.5 8.9 3.5 8.9s.8-.4 2 0 1.1 1.1 1.1 1.1 1.1-1.1 2.3-1.1 2.1.5 2.1.5 1.9-3.6 6.2-1.2 1.9 6.4 1.9 6.4 2.6-2.4 7.4 0c3.4 1.7 3.9 4.9 3.9 4.9s3.3-6.9 10.4-7.9 11.5 2.6 11.5 2.6.8 0 1.2.2c.4.2.9.9.9.9s4.4-3.1 8.3.2c1.9 1.7 1.5 5 1.5 5s.3-1.1 1.6-1.4c1.3-.3 2.3.2 2.3.2s-.1-1.2.5-1.9 1.9-.9 1.9-.9-4.7-9.3 4.4-13.4c5.6-2.5 9.2.9 9.2.9s5-6.2 15.9-6.2 16.1 8.1 16.1 8.1.7-.2 1.6-.4V0H0z\"\/>\n<\/svg>\n\t\t<\/div>\n\t\t\t\t<div class=\"elementor-shape elementor-shape-bottom\" aria-hidden=\"true\" data-negative=\"false\">\n\t\t\t<svg xmlns=\"http:\/\/www.w3.org\/2000\/svg\" viewBox=\"0 0 1000 100\" preserveAspectRatio=\"none\">\n\t<path class=\"elementor-shape-fill\" d=\"M761.9,44.1L643.1,27.2L333.8,98L0,3.8V0l1000,0v3.9\"\/>\n<\/svg>\t\t<\/div>\n\t\t\t\t\t<div class=\"elementor-container elementor-column-gap-default\">\n\t\t\t\t\t<div class=\"elementor-column elementor-col-33 elementor-top-column elementor-element elementor-element-b7ca304\" data-id=\"b7ca304\" data-element_type=\"column\" data-e-type=\"column\">\n\t\t\t<div class=\"elementor-widget-wrap elementor-element-populated\">\n\t\t\t\t\t\t<div class=\"elementor-element elementor-element-18388d3 elementor-widget elementor-widget-image\" data-id=\"18388d3\" data-element_type=\"widget\" data-e-type=\"widget\" data-widget_type=\"image.default\">\n\t\t\t\t<div class=\"elementor-widget-container\">\n\t\t\t\t\t\t\t\t\t\t\t\t\t\t\t\t<a href=\"https:\/\/hopeboutique.net\/index.php\/produit\/gestion-du-temps\/\">\n\t\t\t\t\t\t\t<img fetchpriority=\"high\" decoding=\"async\" width=\"525\" height=\"295\" src=\"https:\/\/hopeboutique.net\/wp-content\/uploads\/2024\/11\/Presentation-Entreprise-Professionnelle-et-Moderne-Jaune-et-Noir-1024x576.png\" class=\"attachment-large size-large wp-image-2650\" alt=\"\" srcset=\"https:\/\/hopeboutique.net\/wp-content\/uploads\/2024\/11\/Presentation-Entreprise-Professionnelle-et-Moderne-Jaune-et-Noir-1024x576.png 1024w, https:\/\/hopeboutique.net\/wp-content\/uploads\/2024\/11\/Presentation-Entreprise-Professionnelle-et-Moderne-Jaune-et-Noir-300x169.png 300w, https:\/\/hopeboutique.net\/wp-content\/uploads\/2024\/11\/Presentation-Entreprise-Professionnelle-et-Moderne-Jaune-et-Noir-768x432.png 768w, https:\/\/hopeboutique.net\/wp-content\/uploads\/2024\/11\/Presentation-Entreprise-Professionnelle-et-Moderne-Jaune-et-Noir-1536x864.png 1536w, https:\/\/hopeboutique.net\/wp-content\/uploads\/2024\/11\/Presentation-Entreprise-Professionnelle-et-Moderne-Jaune-et-Noir-350x197.png 350w, https:\/\/hopeboutique.net\/wp-content\/uploads\/2024\/11\/Presentation-Entreprise-Professionnelle-et-Moderne-Jaune-et-Noir.png 1920w\" sizes=\"100vw\" \/>\t\t\t\t\t\t\t\t<\/a>\n\t\t\t\t\t\t\t\t\t\t\t\t\t\t\t<\/div>\n\t\t\t\t<\/div>\n\t\t\t\t\t<\/div>\n\t\t<\/div>\n\t\t\t\t<div class=\"elementor-column elementor-col-33 elementor-top-column elementor-element elementor-element-6fad183\" data-id=\"6fad183\" data-element_type=\"column\" data-e-type=\"column\">\n\t\t\t<div class=\"elementor-widget-wrap elementor-element-populated\">\n\t\t\t\t\t\t<div class=\"elementor-element elementor-element-2520f11 elementor-widget elementor-widget-image\" data-id=\"2520f11\" data-element_type=\"widget\" data-e-type=\"widget\" data-widget_type=\"image.default\">\n\t\t\t\t<div class=\"elementor-widget-container\">\n\t\t\t\t\t\t\t\t\t\t\t\t\t\t\t\t<a href=\"https:\/\/hopeboutique.net\/index.php\/produit\/planification-financiere\/\">\n\t\t\t\t\t\t\t<img decoding=\"async\" width=\"525\" height=\"295\" src=\"https:\/\/hopeboutique.net\/wp-content\/uploads\/2024\/11\/PLANIFICATION-FINANCIERE-3-1024x576.png\" class=\"attachment-large size-large wp-image-2646\" alt=\"\" srcset=\"https:\/\/hopeboutique.net\/wp-content\/uploads\/2024\/11\/PLANIFICATION-FINANCIERE-3-1024x576.png 1024w, https:\/\/hopeboutique.net\/wp-content\/uploads\/2024\/11\/PLANIFICATION-FINANCIERE-3-300x169.png 300w, https:\/\/hopeboutique.net\/wp-content\/uploads\/2024\/11\/PLANIFICATION-FINANCIERE-3-768x432.png 768w, https:\/\/hopeboutique.net\/wp-content\/uploads\/2024\/11\/PLANIFICATION-FINANCIERE-3-350x197.png 350w, https:\/\/hopeboutique.net\/wp-content\/uploads\/2024\/11\/PLANIFICATION-FINANCIERE-3.png 1366w\" sizes=\"100vw\" \/>\t\t\t\t\t\t\t\t<\/a>\n\t\t\t\t\t\t\t\t\t\t\t\t\t\t\t<\/div>\n\t\t\t\t<\/div>\n\t\t\t\t\t<\/div>\n\t\t<\/div>\n\t\t\t\t<div class=\"elementor-column elementor-col-33 elementor-top-column elementor-element elementor-element-6742c39\" data-id=\"6742c39\" data-element_type=\"column\" data-e-type=\"column\">\n\t\t\t<div class=\"elementor-widget-wrap elementor-element-populated\">\n\t\t\t\t\t\t<div class=\"elementor-element elementor-element-3605288 elementor-widget elementor-widget-image\" data-id=\"3605288\" data-element_type=\"widget\" data-e-type=\"widget\" data-widget_type=\"image.default\">\n\t\t\t\t<div class=\"elementor-widget-container\">\n\t\t\t\t\t\t\t\t\t\t\t\t\t\t\t\t<a href=\"https:\/\/hopeboutique.net\/index.php\/produit\/lancer-un-produit-gagnant-en-moins-de-30-jours\/\">\n\t\t\t\t\t\t\t<img decoding=\"async\" width=\"525\" height=\"295\" src=\"https:\/\/hopeboutique.net\/wp-content\/uploads\/2025\/02\/Dark-Blue-Simple-Dark-Tech-and-Gaming-Bio-Link-Website-2-1024x576.png\" class=\"attachment-large size-large wp-image-2671\" alt=\"\" srcset=\"https:\/\/hopeboutique.net\/wp-content\/uploads\/2025\/02\/Dark-Blue-Simple-Dark-Tech-and-Gaming-Bio-Link-Website-2-1024x576.png 1024w, https:\/\/hopeboutique.net\/wp-content\/uploads\/2025\/02\/Dark-Blue-Simple-Dark-Tech-and-Gaming-Bio-Link-Website-2-300x169.png 300w, https:\/\/hopeboutique.net\/wp-content\/uploads\/2025\/02\/Dark-Blue-Simple-Dark-Tech-and-Gaming-Bio-Link-Website-2-768x432.png 768w, https:\/\/hopeboutique.net\/wp-content\/uploads\/2025\/02\/Dark-Blue-Simple-Dark-Tech-and-Gaming-Bio-Link-Website-2-350x197.png 350w, https:\/\/hopeboutique.net\/wp-content\/uploads\/2025\/02\/Dark-Blue-Simple-Dark-Tech-and-Gaming-Bio-Link-Website-2.png 1366w\" sizes=\"100vw\" \/>\t\t\t\t\t\t\t\t<\/a>\n\t\t\t\t\t\t\t\t\t\t\t\t\t\t\t<\/div>\n\t\t\t\t<\/div>\n\t\t\t\t\t<\/div>\n\t\t<\/div>\n\t\t\t\t\t<\/div>\n\t\t<\/section>\n\t\t\t\t<section class=\"elementor-section elementor-top-section elementor-element elementor-element-bb66763 elementor-section-stretched elementor-section-boxed elementor-section-height-default elementor-section-height-default\" data-id=\"bb66763\" data-element_type=\"section\" data-e-type=\"section\" data-settings=\"{&quot;stretch_section&quot;:&quot;section-stretched&quot;}\">\n\t\t\t\t\t\t<div class=\"elementor-container elementor-column-gap-default\">\n\t\t\t\t\t<div class=\"elementor-column elementor-col-33 elementor-top-column elementor-element elementor-element-01cc9ab\" data-id=\"01cc9ab\" data-element_type=\"column\" data-e-type=\"column\">\n\t\t\t<div class=\"elementor-widget-wrap elementor-element-populated\">\n\t\t\t\t\t\t<div class=\"elementor-element elementor-element-c2cd236 elementor-widget elementor-widget-image\" data-id=\"c2cd236\" data-element_type=\"widget\" data-e-type=\"widget\" data-widget_type=\"image.default\">\n\t\t\t\t<div class=\"elementor-widget-container\">\n\t\t\t\t\t\t\t\t\t\t\t\t\t\t\t\t<a href=\"https:\/\/hopeboutique.net\/index.php\/produit\/formation-sur-amazone\/\">\n\t\t\t\t\t\t\t<img loading=\"lazy\" decoding=\"async\" width=\"525\" height=\"787\" src=\"https:\/\/hopeboutique.net\/wp-content\/uploads\/2025\/06\/ChatGPT-Image-13-juin-2025-16_19_58-683x1024.png\" class=\"attachment-large size-large wp-image-2847\" alt=\"\" srcset=\"https:\/\/hopeboutique.net\/wp-content\/uploads\/2025\/06\/ChatGPT-Image-13-juin-2025-16_19_58-683x1024.png 683w, https:\/\/hopeboutique.net\/wp-content\/uploads\/2025\/06\/ChatGPT-Image-13-juin-2025-16_19_58-200x300.png 200w, https:\/\/hopeboutique.net\/wp-content\/uploads\/2025\/06\/ChatGPT-Image-13-juin-2025-16_19_58-768x1152.png 768w, https:\/\/hopeboutique.net\/wp-content\/uploads\/2025\/06\/ChatGPT-Image-13-juin-2025-16_19_58-350x525.png 350w, https:\/\/hopeboutique.net\/wp-content\/uploads\/2025\/06\/ChatGPT-Image-13-juin-2025-16_19_58.png 1024w\" sizes=\"100vw\" \/>\t\t\t\t\t\t\t\t<\/a>\n\t\t\t\t\t\t\t\t\t\t\t\t\t\t\t<\/div>\n\t\t\t\t<\/div>\n\t\t\t\t\t<\/div>\n\t\t<\/div>\n\t\t\t\t<div class=\"elementor-column elementor-col-33 elementor-top-column elementor-element elementor-element-d16330b\" data-id=\"d16330b\" data-element_type=\"column\" data-e-type=\"column\">\n\t\t\t<div class=\"elementor-widget-wrap\">\n\t\t\t\t\t\t\t<\/div>\n\t\t<\/div>\n\t\t\t\t<div class=\"elementor-column elementor-col-33 elementor-top-column elementor-element elementor-element-87d6f14\" data-id=\"87d6f14\" data-element_type=\"column\" data-e-type=\"column\">\n\t\t\t<div class=\"elementor-widget-wrap\">\n\t\t\t\t\t\t\t<\/div>\n\t\t<\/div>\n\t\t\t\t\t<\/div>\n\t\t<\/section>\n\t\t\t\t<section class=\"elementor-section elementor-top-section elementor-element elementor-element-dff3c13 elementor-section-stretched elementor-section-boxed elementor-section-height-default elementor-section-height-default\" data-id=\"dff3c13\" data-element_type=\"section\" data-e-type=\"section\" data-settings=\"{&quot;stretch_section&quot;:&quot;section-stretched&quot;,&quot;shape_divider_top&quot;:&quot;arrow&quot;}\">\n\t\t\t\t\t<div class=\"elementor-shape elementor-shape-top\" aria-hidden=\"true\" data-negative=\"false\">\n\t\t\t<svg xmlns=\"http:\/\/www.w3.org\/2000\/svg\" viewBox=\"0 0 700 10\" preserveAspectRatio=\"none\">\n\t<path class=\"elementor-shape-fill\" d=\"M350,10L340,0h20L350,10z\"\/>\n<\/svg>\t\t<\/div>\n\t\t\t\t\t<div class=\"elementor-container elementor-column-gap-extended\">\n\t\t\t\t\t<div class=\"elementor-column elementor-col-25 elementor-top-column elementor-element elementor-element-a63c0a2\" data-id=\"a63c0a2\" data-element_type=\"column\" data-e-type=\"column\">\n\t\t\t<div class=\"elementor-widget-wrap elementor-element-populated\">\n\t\t\t\t\t\t<div class=\"elementor-element elementor-element-a9d032b elementor-widget elementor-widget-text-editor\" data-id=\"a9d032b\" data-element_type=\"widget\" data-e-type=\"widget\" data-widget_type=\"text-editor.default\">\n\t\t\t\t<div class=\"elementor-widget-container\">\n\t\t\t\t\t\t\t\t\t<p>Mireille<\/p><p><span style=\"color: #000000; font-family: Poppins, sans-serif; white-space-collapse: preserve;\">Ce ebook me permet de mieux organiser mon quotidien. Je le recommande \u00e0 tous. Merci !!!!!<\/span><\/p>\t\t\t\t\t\t\t\t<\/div>\n\t\t\t\t<\/div>\n\t\t\t\t\t<\/div>\n\t\t<\/div>\n\t\t\t\t<div class=\"elementor-column elementor-col-25 elementor-top-column elementor-element elementor-element-c8e51bb\" data-id=\"c8e51bb\" data-element_type=\"column\" data-e-type=\"column\">\n\t\t\t<div class=\"elementor-widget-wrap elementor-element-populated\">\n\t\t\t\t\t\t<div class=\"elementor-element elementor-element-3ee5758 elementor-widget elementor-widget-text-editor\" data-id=\"3ee5758\" data-element_type=\"widget\" data-e-type=\"widget\" data-widget_type=\"text-editor.default\">\n\t\t\t\t<div class=\"elementor-widget-container\">\n\t\t\t\t\t\t\t\t\t<p><span style=\"color: #000000; font-family: Poppins, sans-serif; white-space-collapse: preserve;\">ANA<\/span><\/p><p><span style=\"color: #000000; font-family: Poppins, sans-serif; white-space-collapse: preserve;\">J\u2019ai singuli\u00e8rement adopt\u00e9 ce livre; gr\u00e2ce \u00e0 ce livre, j&rsquo;apprends aujourd&rsquo;hui \u00e0 rendre mon temps utile. Il m\u2019a permis de comprendre \u00e0 quel point j\u2019avais une mauvaise organisation de mon temps. Merci pour tout ce que tu fais <img decoding=\"async\" class=\"emoji\" role=\"img\" draggable=\"false\" src=\"https:\/\/s.w.org\/images\/core\/emoji\/15.0.3\/svg\/1f49d.svg\" alt=\"\ud83d\udc9d\" \/><img decoding=\"async\" class=\"emoji\" role=\"img\" draggable=\"false\" src=\"https:\/\/s.w.org\/images\/core\/emoji\/15.0.3\/svg\/1f49d.svg\" alt=\"\ud83d\udc9d\" \/><img decoding=\"async\" class=\"emoji\" role=\"img\" draggable=\"false\" src=\"https:\/\/s.w.org\/images\/core\/emoji\/15.0.3\/svg\/1f49d.svg\" alt=\"\ud83d\udc9d\" \/><\/span><\/p>\t\t\t\t\t\t\t\t<\/div>\n\t\t\t\t<\/div>\n\t\t\t\t\t<\/div>\n\t\t<\/div>\n\t\t\t\t<div class=\"elementor-column elementor-col-25 elementor-top-column elementor-element elementor-element-27d8460\" data-id=\"27d8460\" data-element_type=\"column\" data-e-type=\"column\">\n\t\t\t<div class=\"elementor-widget-wrap elementor-element-populated\">\n\t\t\t\t\t\t<div class=\"elementor-element elementor-element-4c7d6e3 elementor-widget elementor-widget-text-editor\" data-id=\"4c7d6e3\" data-element_type=\"widget\" data-e-type=\"widget\" data-widget_type=\"text-editor.default\">\n\t\t\t\t<div class=\"elementor-widget-container\">\n\t\t\t\t\t\t\t\t\t<p><img decoding=\"async\" class=\"emoji\" role=\"img\" draggable=\"false\" src=\"https:\/\/s.w.org\/images\/core\/emoji\/15.1.0\/svg\/2b50.svg\" alt=\"\u2b50\ufe0f\" \/><img decoding=\"async\" class=\"emoji\" role=\"img\" draggable=\"false\" src=\"https:\/\/s.w.org\/images\/core\/emoji\/15.1.0\/svg\/2b50.svg\" alt=\"\u2b50\ufe0f\" \/><img decoding=\"async\" class=\"emoji\" role=\"img\" draggable=\"false\" src=\"https:\/\/s.w.org\/images\/core\/emoji\/15.1.0\/svg\/2b50.svg\" alt=\"\u2b50\ufe0f\" \/><img decoding=\"async\" class=\"emoji\" role=\"img\" draggable=\"false\" src=\"https:\/\/s.w.org\/images\/core\/emoji\/15.1.0\/svg\/2b50.svg\" alt=\"\u2b50\ufe0f\" \/><img decoding=\"async\" class=\"emoji\" role=\"img\" draggable=\"false\" src=\"https:\/\/s.w.org\/images\/core\/emoji\/15.1.0\/svg\/2b50.svg\" alt=\"\u2b50\ufe0f\" \/><\/p><p><em style=\"font-size: 1rem;\" data-start=\"1087\" data-end=\"1271\">\u00ab\u00a0Ce eBook vaut largement son prix. Je l\u2019ai lu d\u2019une traite et j\u2019ai d\u00e9j\u00e0 identifi\u00e9 2 niches \u00e0 fort potentiel. Un excellent point de d\u00e9part pour cr\u00e9er un business rentable sur Amazon.\u00a0\u00bb<\/em><\/p><p>\u2014 <em data-start=\"1276\" data-end=\"1286\">Kevin B.<\/em><\/p>\t\t\t\t\t\t\t\t<\/div>\n\t\t\t\t<\/div>\n\t\t\t\t\t<\/div>\n\t\t<\/div>\n\t\t\t\t<div class=\"elementor-column elementor-col-25 elementor-top-column elementor-element elementor-element-9d0d1a0\" data-id=\"9d0d1a0\" data-element_type=\"column\" data-e-type=\"column\">\n\t\t\t<div class=\"elementor-widget-wrap elementor-element-populated\">\n\t\t\t\t\t\t<div class=\"elementor-element elementor-element-0d8e0be elementor-widget elementor-widget-text-editor\" data-id=\"0d8e0be\" data-element_type=\"widget\" data-e-type=\"widget\" data-widget_type=\"text-editor.default\">\n\t\t\t\t<div class=\"elementor-widget-container\">\n\t\t\t\t\t\t\t\t\t<p><em data-start=\"1349\" data-end=\"1519\">\u2b50\ufe0f\u2b50\ufe0f\u2b50\ufe0f\u2b50\ufe0f\u2b50\ufe0f<br data-start=\"1346\" data-end=\"1349\" \/><\/em><\/p><p><em data-start=\"1349\" data-end=\"1519\">Ce n\u2019est pas juste un guide technique, c\u2019est aussi une vraie source de motivation. L\u2019auteur partage son exp\u00e9rience sans filtre, c\u2019est hyper inspirant. Je recommande !\u00a0\u00bb<\/em><br data-start=\"1519\" data-end=\"1522\" \/>\u2014 <em data-start=\"1524\" data-end=\"1534\">Laura P.<\/em><\/p>\t\t\t\t\t\t\t\t<\/div>\n\t\t\t\t<\/div>\n\t\t\t\t\t<\/div>\n\t\t<\/div>\n\t\t\t\t\t<\/div>\n\t\t<\/section>\n\t\t\t\t<\/div>\n\t\t","protected":false},"excerpt":{"rendered":"<p>Mireille Ce ebook me permet de mieux organiser mon quotidien. Je le recommande \u00e0 tous. Merci !!!!! ANA J\u2019ai singuli\u00e8rement adopt\u00e9 ce livre; gr\u00e2ce \u00e0 ce livre, j&rsquo;apprends aujourd&rsquo;hui \u00e0 rendre mon temps utile. Il m\u2019a permis de comprendre \u00e0 quel point j\u2019avais une mauvaise organisation de mon temps. Merci pour tout ce que tu &hellip; <\/p>\n<p class=\"link-more\"><a href=\"https:\/\/hopeboutique.net\/\" class=\"more-link\">Continuer la lecture<span class=\"screen-reader-text\"> de &laquo;&nbsp;E-BOOKS&nbsp;&raquo;<\/span><\/a><\/p>\n","protected":false},"author":6,"featured_media":0,"parent":0,"menu_order":0,"comment_status":"closed","ping_status":"closed","template":"","meta":{"_eb_attr":"","om_disable_all_campaigns":false,"postBodyCss":"","postBodyMargin":[],"postBodyPadding":[],"postBodyBackground":{"backgroundType":"classic","gradient":""},"_joinchat":[],"footnotes":""},"class_list":["post-1889","page","type-page","status-publish","hentry"],"yoast_head":"<!-- This site is optimized with the Yoast SEO plugin v25.7 - https:\/\/yoast.com\/wordpress\/plugins\/seo\/ -->\n<title>E-BOOKS - hopeboutique.net<\/title>\n<meta name=\"robots\" content=\"index, follow, max-snippet:-1, max-image-preview:large, max-video-preview:-1\" \/>\n<link rel=\"canonical\" href=\"https:\/\/hopeboutique.net\/\" \/>\n<meta property=\"og:locale\" content=\"fr_FR\" \/>\n<meta property=\"og:type\" content=\"article\" \/>\n<meta property=\"og:title\" content=\"E-BOOKS - hopeboutique.net\" \/>\n<meta property=\"og:description\" content=\"Mireille Ce ebook me permet de mieux organiser mon quotidien. Je le recommande \u00e0 tous. Merci !!!!! ANA J\u2019ai singuli\u00e8rement adopt\u00e9 ce livre; gr\u00e2ce \u00e0 ce livre, j&rsquo;apprends aujourd&rsquo;hui \u00e0 rendre mon temps utile. Il m\u2019a permis de comprendre \u00e0 quel point j\u2019avais une mauvaise organisation de mon temps. Merci pour tout ce que tu &hellip; Continuer la lecture de &laquo;&nbsp;E-BOOKS&nbsp;&raquo;\" \/>\n<meta property=\"og:url\" content=\"https:\/\/hopeboutique.net\/\" \/>\n<meta property=\"og:site_name\" content=\"hopeboutique.net\" \/>\n<meta property=\"article:publisher\" content=\"https:\/\/www.facebook.com\/HopeBoutique.entreprise\" \/>\n<meta property=\"article:modified_time\" content=\"2025-06-14T12:17:46+00:00\" \/>\n<meta property=\"og:image\" content=\"https:\/\/hopeboutique.net\/wp-content\/uploads\/2024\/11\/Presentation-Entreprise-Professionnelle-et-Moderne-Jaune-et-Noir.png\" \/>\n\t<meta property=\"og:image:width\" content=\"1920\" \/>\n\t<meta property=\"og:image:height\" content=\"1080\" \/>\n\t<meta property=\"og:image:type\" content=\"image\/png\" \/>\n<meta name=\"twitter:card\" content=\"summary_large_image\" \/>\n<meta name=\"twitter:label1\" content=\"Dur\u00e9e de lecture estim\u00e9e\" \/>\n\t<meta name=\"twitter:data1\" content=\"4 minutes\" \/>\n<script type=\"application\/ld+json\" class=\"yoast-schema-graph\">{\"@context\":\"https:\/\/schema.org\",\"@graph\":[{\"@type\":\"WebPage\",\"@id\":\"https:\/\/hopeboutique.net\/\",\"url\":\"https:\/\/hopeboutique.net\/\",\"name\":\"E-BOOKS - hopeboutique.net\",\"isPartOf\":{\"@id\":\"https:\/\/hopeboutique.net\/#website\"},\"primaryImageOfPage\":{\"@id\":\"https:\/\/hopeboutique.net\/#primaryimage\"},\"image\":{\"@id\":\"https:\/\/hopeboutique.net\/#primaryimage\"},\"thumbnailUrl\":\"https:\/\/hopeboutique.net\/wp-content\/uploads\/2024\/11\/Presentation-Entreprise-Professionnelle-et-Moderne-Jaune-et-Noir-1024x576.png\",\"datePublished\":\"2024-07-22T09:33:15+00:00\",\"dateModified\":\"2025-06-14T12:17:46+00:00\",\"breadcrumb\":{\"@id\":\"https:\/\/hopeboutique.net\/#breadcrumb\"},\"inLanguage\":\"fr-FR\",\"potentialAction\":[{\"@type\":\"ReadAction\",\"target\":[\"https:\/\/hopeboutique.net\/\"]}]},{\"@type\":\"ImageObject\",\"inLanguage\":\"fr-FR\",\"@id\":\"https:\/\/hopeboutique.net\/#primaryimage\",\"url\":\"https:\/\/hopeboutique.net\/wp-content\/uploads\/2024\/11\/Presentation-Entreprise-Professionnelle-et-Moderne-Jaune-et-Noir.png\",\"contentUrl\":\"https:\/\/hopeboutique.net\/wp-content\/uploads\/2024\/11\/Presentation-Entreprise-Professionnelle-et-Moderne-Jaune-et-Noir.png\",\"width\":1920,\"height\":1080},{\"@type\":\"BreadcrumbList\",\"@id\":\"https:\/\/hopeboutique.net\/#breadcrumb\",\"itemListElement\":[{\"@type\":\"ListItem\",\"position\":1,\"name\":\"Accueil\",\"item\":\"https:\/\/hopeboutique.net\/\"},{\"@type\":\"ListItem\",\"position\":2,\"name\":\"E-BOOKS\"}]},{\"@type\":\"WebSite\",\"@id\":\"https:\/\/hopeboutique.net\/#website\",\"url\":\"https:\/\/hopeboutique.net\/\",\"name\":\"hopeboutique.net\",\"description\":\"Construisez votre avenir ici\",\"publisher\":{\"@id\":\"https:\/\/hopeboutique.net\/#organization\"},\"potentialAction\":[{\"@type\":\"SearchAction\",\"target\":{\"@type\":\"EntryPoint\",\"urlTemplate\":\"https:\/\/hopeboutique.net\/?s={search_term_string}\"},\"query-input\":{\"@type\":\"PropertyValueSpecification\",\"valueRequired\":true,\"valueName\":\"search_term_string\"}}],\"inLanguage\":\"fr-FR\"},{\"@type\":\"Organization\",\"@id\":\"https:\/\/hopeboutique.net\/#organization\",\"name\":\"hopeboutique.net\",\"url\":\"https:\/\/hopeboutique.net\/\",\"logo\":{\"@type\":\"ImageObject\",\"inLanguage\":\"fr-FR\",\"@id\":\"https:\/\/hopeboutique.net\/#\/schema\/logo\/image\/\",\"url\":\"https:\/\/hopeboutique.net\/wp-content\/uploads\/2022\/07\/logo-2.png\",\"contentUrl\":\"https:\/\/hopeboutique.net\/wp-content\/uploads\/2022\/07\/logo-2.png\",\"width\":108,\"height\":153,\"caption\":\"hopeboutique.net\"},\"image\":{\"@id\":\"https:\/\/hopeboutique.net\/#\/schema\/logo\/image\/\"},\"sameAs\":[\"https:\/\/www.facebook.com\/HopeBoutique.entreprise\"]}]}<\/script>\n<!-- \/ Yoast SEO plugin. -->","yoast_head_json":{"title":"E-BOOKS - hopeboutique.net","robots":{"index":"index","follow":"follow","max-snippet":"max-snippet:-1","max-image-preview":"max-image-preview:large","max-video-preview":"max-video-preview:-1"},"canonical":"https:\/\/hopeboutique.net\/","og_locale":"fr_FR","og_type":"article","og_title":"E-BOOKS - hopeboutique.net","og_description":"Mireille Ce ebook me permet de mieux organiser mon quotidien. Je le recommande \u00e0 tous. Merci !!!!! ANA J\u2019ai singuli\u00e8rement adopt\u00e9 ce livre; gr\u00e2ce \u00e0 ce livre, j&rsquo;apprends aujourd&rsquo;hui \u00e0 rendre mon temps utile. Il m\u2019a permis de comprendre \u00e0 quel point j\u2019avais une mauvaise organisation de mon temps. Merci pour tout ce que tu &hellip; Continuer la lecture de &laquo;&nbsp;E-BOOKS&nbsp;&raquo;","og_url":"https:\/\/hopeboutique.net\/","og_site_name":"hopeboutique.net","article_publisher":"https:\/\/www.facebook.com\/HopeBoutique.entreprise","article_modified_time":"2025-06-14T12:17:46+00:00","og_image":[{"width":1920,"height":1080,"url":"https:\/\/hopeboutique.net\/wp-content\/uploads\/2024\/11\/Presentation-Entreprise-Professionnelle-et-Moderne-Jaune-et-Noir.png","type":"image\/png"}],"twitter_card":"summary_large_image","twitter_misc":{"Dur\u00e9e de lecture estim\u00e9e":"4 minutes"},"schema":{"@context":"https:\/\/schema.org","@graph":[{"@type":"WebPage","@id":"https:\/\/hopeboutique.net\/","url":"https:\/\/hopeboutique.net\/","name":"E-BOOKS - hopeboutique.net","isPartOf":{"@id":"https:\/\/hopeboutique.net\/#website"},"primaryImageOfPage":{"@id":"https:\/\/hopeboutique.net\/#primaryimage"},"image":{"@id":"https:\/\/hopeboutique.net\/#primaryimage"},"thumbnailUrl":"https:\/\/hopeboutique.net\/wp-content\/uploads\/2024\/11\/Presentation-Entreprise-Professionnelle-et-Moderne-Jaune-et-Noir-1024x576.png","datePublished":"2024-07-22T09:33:15+00:00","dateModified":"2025-06-14T12:17:46+00:00","breadcrumb":{"@id":"https:\/\/hopeboutique.net\/#breadcrumb"},"inLanguage":"fr-FR","potentialAction":[{"@type":"ReadAction","target":["https:\/\/hopeboutique.net\/"]}]},{"@type":"ImageObject","inLanguage":"fr-FR","@id":"https:\/\/hopeboutique.net\/#primaryimage","url":"https:\/\/hopeboutique.net\/wp-content\/uploads\/2024\/11\/Presentation-Entreprise-Professionnelle-et-Moderne-Jaune-et-Noir.png","contentUrl":"https:\/\/hopeboutique.net\/wp-content\/uploads\/2024\/11\/Presentation-Entreprise-Professionnelle-et-Moderne-Jaune-et-Noir.png","width":1920,"height":1080},{"@type":"BreadcrumbList","@id":"https:\/\/hopeboutique.net\/#breadcrumb","itemListElement":[{"@type":"ListItem","position":1,"name":"Accueil","item":"https:\/\/hopeboutique.net\/"},{"@type":"ListItem","position":2,"name":"E-BOOKS"}]},{"@type":"WebSite","@id":"https:\/\/hopeboutique.net\/#website","url":"https:\/\/hopeboutique.net\/","name":"hopeboutique.net","description":"Construisez votre avenir ici","publisher":{"@id":"https:\/\/hopeboutique.net\/#organization"},"potentialAction":[{"@type":"SearchAction","target":{"@type":"EntryPoint","urlTemplate":"https:\/\/hopeboutique.net\/?s={search_term_string}"},"query-input":{"@type":"PropertyValueSpecification","valueRequired":true,"valueName":"search_term_string"}}],"inLanguage":"fr-FR"},{"@type":"Organization","@id":"https:\/\/hopeboutique.net\/#organization","name":"hopeboutique.net","url":"https:\/\/hopeboutique.net\/","logo":{"@type":"ImageObject","inLanguage":"fr-FR","@id":"https:\/\/hopeboutique.net\/#\/schema\/logo\/image\/","url":"https:\/\/hopeboutique.net\/wp-content\/uploads\/2022\/07\/logo-2.png","contentUrl":"https:\/\/hopeboutique.net\/wp-content\/uploads\/2022\/07\/logo-2.png","width":108,"height":153,"caption":"hopeboutique.net"},"image":{"@id":"https:\/\/hopeboutique.net\/#\/schema\/logo\/image\/"},"sameAs":["https:\/\/www.facebook.com\/HopeBoutique.entreprise"]}]}},"_links":{"self":[{"href":"https:\/\/hopeboutique.net\/index.php\/wp-json\/wp\/v2\/pages\/1889","targetHints":{"allow":["GET"]}}],"collection":[{"href":"https:\/\/hopeboutique.net\/index.php\/wp-json\/wp\/v2\/pages"}],"about":[{"href":"https:\/\/hopeboutique.net\/index.php\/wp-json\/wp\/v2\/types\/page"}],"author":[{"embeddable":true,"href":"https:\/\/hopeboutique.net\/index.php\/wp-json\/wp\/v2\/users\/6"}],"replies":[{"embeddable":true,"href":"https:\/\/hopeboutique.net\/index.php\/wp-json\/wp\/v2\/comments?post=1889"}],"version-history":[{"count":114,"href":"https:\/\/hopeboutique.net\/index.php\/wp-json\/wp\/v2\/pages\/1889\/revisions"}],"predecessor-version":[{"id":2850,"href":"https:\/\/hopeboutique.net\/index.php\/wp-json\/wp\/v2\/pages\/1889\/revisions\/2850"}],"wp:attachment":[{"href":"https:\/\/hopeboutique.net\/index.php\/wp-json\/wp\/v2\/media?parent=1889"}],"curies":[{"name":"wp","href":"https:\/\/api.w.org\/{rel}","templated":true}]}}