{"id":1903,"date":"2024-07-22T10:06:43","date_gmt":"2024-07-22T10:06:43","guid":{"rendered":"https:\/\/hopeboutique.net\/?post_type=product&#038;p=1903"},"modified":"2026-04-02T07:07:52","modified_gmt":"2026-04-02T07:07:52","slug":"gestion-du-temps","status":"publish","type":"product","link":"https:\/\/hopeboutique.net\/index.php\/produit\/gestion-du-temps\/","title":{"rendered":"GESTION DU TEMPS"},"content":{"rendered":"<p>Ce\u00a0<span class=\"a-text-bold\">guide pratique<\/span>\u00a0a \u00e9t\u00e9 \u00e9labor\u00e9 avec passion et d\u00e9vouement. Je comprends les\u00a0<span class=\"a-text-bold\">d\u00e9fis<\/span>\u00a0auxquels vous \u00eates confront\u00e9 pour\u00a0<span class=\"a-text-bold\">g\u00e9rer votre temps<\/span>, car j\u2019ai moi-m\u00eame exp\u00e9riment\u00e9 les difficult\u00e9s de concilier les exigences professionnelles et les obligations personnelles. Face \u00e0 cette situation j\u2019ai recherch\u00e9 et trouv\u00e9\u00a0<span class=\"a-text-bold\">des solutions efficaces<\/span>\u00a0pour maximiser chaque instant de ma journ\u00e9e.<\/p>\n<p>Ce guide est le fruit de mes exp\u00e9riences professionnelles et de ma propre exploration dans le domaine de la gestion du temps.<\/p>\n<p>Mon objectif en \u00e9crivant ce guide est de vous fournir les <span class=\"a-text-bold\">outils<\/span>, les\u00a0<span class=\"a-text-bold\">connaissances\u00a0<\/span>et les\u00a0<span class=\"a-text-bold\">strat\u00e9gies<\/span>\u00a0n\u00e9cessaires pour\u00a0<span class=\"a-text-bold\">vous aider \u00e0 mieux g\u00e9rer votre temps<\/span>.<\/p>\n<p>Ce guide est destin\u00e9 \u00e0 tous ceux qui souhaitent am\u00e9liorer leur gestion du temps, que vous soyez un professionnel d\u00e9bord\u00e9, un \u00e9tudiant cherchant \u00e0 \u00e9quilibrer ses \u00e9tudes et ses loisirs, ou m\u00eame tout simplement une personne qui aspire \u00e0 tirer le meilleur parti de chaque journ\u00e9e.<\/p>\n","protected":false},"excerpt":{"rendered":"<p>&nbsp;<\/p>\n<p style=\"text-align: center;\"><strong>MAINTENANT DISPONIBLE<\/strong><\/p>\n<p>Ma\u00eetriser l\u2019art de la gestion du temps est aussi une mani\u00e8re pour les collaborateurs de mieux g\u00e9rer leur stress et d&rsquo;augmenter leur \u00e9panouissement au travail. En effet, bien g\u00e9rer son temps au quotidien laisse plus de place aux loisirs et \u00e0 la d\u00e9tente en adoptant un \u00e9tat d&rsquo;esprit serein.<\/p>\n","protected":false},"featured_media":1892,"comment_status":"open","ping_status":"closed","template":"","meta":{"_eb_attr":"","om_disable_all_campaigns":false,"postBodyCss":"","postBodyMargin":[],"postBodyPadding":[],"postBodyBackground":{"backgroundType":"classic","gradient":""},"_joinchat":[]},"product_brand":[],"product_cat":[25],"product_tag":[],"class_list":{"0":"post-1903","1":"product","2":"type-product","3":"status-publish","4":"has-post-thumbnail","6":"product_cat-e-books","8":"first","9":"instock","10":"shipping-taxable","11":"purchasable","12":"product-type-simple"},"yoast_head":"<!-- This site is optimized with the Yoast SEO plugin v25.7 - https:\/\/yoast.com\/wordpress\/plugins\/seo\/ -->\n<title>GESTION DU TEMPS - hopeboutique.net<\/title>\n<meta name=\"robots\" content=\"index, follow, max-snippet:-1, max-image-preview:large, max-video-preview:-1\" \/>\n<link rel=\"canonical\" href=\"https:\/\/hopeboutique.net\/index.php\/produit\/gestion-du-temps\/\" \/>\n<meta property=\"og:locale\" content=\"fr_FR\" \/>\n<meta property=\"og:type\" content=\"article\" \/>\n<meta property=\"og:title\" content=\"GESTION DU TEMPS - hopeboutique.net\" \/>\n<meta property=\"og:description\" content=\"&nbsp; MAINTENANT DISPONIBLE Ma\u00eetriser l\u2019art de la gestion du temps est aussi une mani\u00e8re pour les collaborateurs de mieux g\u00e9rer leur stress et d&#039;augmenter leur \u00e9panouissement au travail. En effet, bien g\u00e9rer son temps au quotidien laisse plus de place aux loisirs et \u00e0 la d\u00e9tente en adoptant un \u00e9tat d&#039;esprit serein.\" \/>\n<meta property=\"og:url\" content=\"https:\/\/hopeboutique.net\/index.php\/produit\/gestion-du-temps\/\" \/>\n<meta property=\"og:site_name\" content=\"hopeboutique.net\" \/>\n<meta property=\"article:publisher\" content=\"https:\/\/www.facebook.com\/HopeBoutique.entreprise\" \/>\n<meta property=\"article:modified_time\" content=\"2026-04-02T07:07:52+00:00\" \/>\n<meta property=\"og:image\" content=\"https:\/\/hopeboutique.net\/wp-content\/uploads\/2024\/07\/Limportant-nest-pas-de-tout-faire-mais-de-faire-le-plus-important.-1.png\" \/>\n\t<meta property=\"og:image:width\" content=\"940\" \/>\n\t<meta property=\"og:image:height\" content=\"788\" \/>\n\t<meta property=\"og:image:type\" content=\"image\/png\" \/>\n<meta name=\"twitter:card\" content=\"summary_large_image\" \/>\n<meta name=\"twitter:label1\" content=\"Dur\u00e9e de lecture estim\u00e9e\" \/>\n\t<meta name=\"twitter:data1\" content=\"1 minute\" \/>\n<script type=\"application\/ld+json\" class=\"yoast-schema-graph\">{\"@context\":\"https:\/\/schema.org\",\"@graph\":[{\"@type\":\"WebPage\",\"@id\":\"https:\/\/hopeboutique.net\/index.php\/produit\/gestion-du-temps\/\",\"url\":\"https:\/\/hopeboutique.net\/index.php\/produit\/gestion-du-temps\/\",\"name\":\"GESTION DU TEMPS - hopeboutique.net\",\"isPartOf\":{\"@id\":\"https:\/\/hopeboutique.net\/#website\"},\"primaryImageOfPage\":{\"@id\":\"https:\/\/hopeboutique.net\/index.php\/produit\/gestion-du-temps\/#primaryimage\"},\"image\":{\"@id\":\"https:\/\/hopeboutique.net\/index.php\/produit\/gestion-du-temps\/#primaryimage\"},\"thumbnailUrl\":\"https:\/\/hopeboutique.net\/wp-content\/uploads\/2024\/07\/Limportant-nest-pas-de-tout-faire-mais-de-faire-le-plus-important.-1.png\",\"datePublished\":\"2024-07-22T10:06:43+00:00\",\"dateModified\":\"2026-04-02T07:07:52+00:00\",\"breadcrumb\":{\"@id\":\"https:\/\/hopeboutique.net\/index.php\/produit\/gestion-du-temps\/#breadcrumb\"},\"inLanguage\":\"fr-FR\",\"potentialAction\":[{\"@type\":\"ReadAction\",\"target\":[\"https:\/\/hopeboutique.net\/index.php\/produit\/gestion-du-temps\/\"]}]},{\"@type\":\"ImageObject\",\"inLanguage\":\"fr-FR\",\"@id\":\"https:\/\/hopeboutique.net\/index.php\/produit\/gestion-du-temps\/#primaryimage\",\"url\":\"https:\/\/hopeboutique.net\/wp-content\/uploads\/2024\/07\/Limportant-nest-pas-de-tout-faire-mais-de-faire-le-plus-important.-1.png\",\"contentUrl\":\"https:\/\/hopeboutique.net\/wp-content\/uploads\/2024\/07\/Limportant-nest-pas-de-tout-faire-mais-de-faire-le-plus-important.-1.png\",\"width\":940,\"height\":788},{\"@type\":\"BreadcrumbList\",\"@id\":\"https:\/\/hopeboutique.net\/index.php\/produit\/gestion-du-temps\/#breadcrumb\",\"itemListElement\":[{\"@type\":\"ListItem\",\"position\":1,\"name\":\"Accueil\",\"item\":\"https:\/\/hopeboutique.net\/\"},{\"@type\":\"ListItem\",\"position\":2,\"name\":\"Boutique\",\"item\":\"https:\/\/hopeboutique.net\/index.php\/boutique\/\"},{\"@type\":\"ListItem\",\"position\":3,\"name\":\"GESTION DU TEMPS\"}]},{\"@type\":\"WebSite\",\"@id\":\"https:\/\/hopeboutique.net\/#website\",\"url\":\"https:\/\/hopeboutique.net\/\",\"name\":\"hopeboutique.net\",\"description\":\"Construisez votre avenir ici\",\"publisher\":{\"@id\":\"https:\/\/hopeboutique.net\/#organization\"},\"potentialAction\":[{\"@type\":\"SearchAction\",\"target\":{\"@type\":\"EntryPoint\",\"urlTemplate\":\"https:\/\/hopeboutique.net\/?s={search_term_string}\"},\"query-input\":{\"@type\":\"PropertyValueSpecification\",\"valueRequired\":true,\"valueName\":\"search_term_string\"}}],\"inLanguage\":\"fr-FR\"},{\"@type\":\"Organization\",\"@id\":\"https:\/\/hopeboutique.net\/#organization\",\"name\":\"hopeboutique.net\",\"url\":\"https:\/\/hopeboutique.net\/\",\"logo\":{\"@type\":\"ImageObject\",\"inLanguage\":\"fr-FR\",\"@id\":\"https:\/\/hopeboutique.net\/#\/schema\/logo\/image\/\",\"url\":\"https:\/\/hopeboutique.net\/wp-content\/uploads\/2022\/07\/logo-2.png\",\"contentUrl\":\"https:\/\/hopeboutique.net\/wp-content\/uploads\/2022\/07\/logo-2.png\",\"width\":108,\"height\":153,\"caption\":\"hopeboutique.net\"},\"image\":{\"@id\":\"https:\/\/hopeboutique.net\/#\/schema\/logo\/image\/\"},\"sameAs\":[\"https:\/\/www.facebook.com\/HopeBoutique.entreprise\"]}]}<\/script>\n<!-- \/ Yoast SEO plugin. -->","yoast_head_json":{"title":"GESTION DU TEMPS - hopeboutique.net","robots":{"index":"index","follow":"follow","max-snippet":"max-snippet:-1","max-image-preview":"max-image-preview:large","max-video-preview":"max-video-preview:-1"},"canonical":"https:\/\/hopeboutique.net\/index.php\/produit\/gestion-du-temps\/","og_locale":"fr_FR","og_type":"article","og_title":"GESTION DU TEMPS - hopeboutique.net","og_description":"&nbsp; MAINTENANT DISPONIBLE Ma\u00eetriser l\u2019art de la gestion du temps est aussi une mani\u00e8re pour les collaborateurs de mieux g\u00e9rer leur stress et d'augmenter leur \u00e9panouissement au travail. En effet, bien g\u00e9rer son temps au quotidien laisse plus de place aux loisirs et \u00e0 la d\u00e9tente en adoptant un \u00e9tat d'esprit serein.","og_url":"https:\/\/hopeboutique.net\/index.php\/produit\/gestion-du-temps\/","og_site_name":"hopeboutique.net","article_publisher":"https:\/\/www.facebook.com\/HopeBoutique.entreprise","article_modified_time":"2026-04-02T07:07:52+00:00","og_image":[{"width":940,"height":788,"url":"https:\/\/hopeboutique.net\/wp-content\/uploads\/2024\/07\/Limportant-nest-pas-de-tout-faire-mais-de-faire-le-plus-important.-1.png","type":"image\/png"}],"twitter_card":"summary_large_image","twitter_misc":{"Dur\u00e9e de lecture estim\u00e9e":"1 minute"},"schema":{"@context":"https:\/\/schema.org","@graph":[{"@type":"WebPage","@id":"https:\/\/hopeboutique.net\/index.php\/produit\/gestion-du-temps\/","url":"https:\/\/hopeboutique.net\/index.php\/produit\/gestion-du-temps\/","name":"GESTION DU TEMPS - hopeboutique.net","isPartOf":{"@id":"https:\/\/hopeboutique.net\/#website"},"primaryImageOfPage":{"@id":"https:\/\/hopeboutique.net\/index.php\/produit\/gestion-du-temps\/#primaryimage"},"image":{"@id":"https:\/\/hopeboutique.net\/index.php\/produit\/gestion-du-temps\/#primaryimage"},"thumbnailUrl":"https:\/\/hopeboutique.net\/wp-content\/uploads\/2024\/07\/Limportant-nest-pas-de-tout-faire-mais-de-faire-le-plus-important.-1.png","datePublished":"2024-07-22T10:06:43+00:00","dateModified":"2026-04-02T07:07:52+00:00","breadcrumb":{"@id":"https:\/\/hopeboutique.net\/index.php\/produit\/gestion-du-temps\/#breadcrumb"},"inLanguage":"fr-FR","potentialAction":[{"@type":"ReadAction","target":["https:\/\/hopeboutique.net\/index.php\/produit\/gestion-du-temps\/"]}]},{"@type":"ImageObject","inLanguage":"fr-FR","@id":"https:\/\/hopeboutique.net\/index.php\/produit\/gestion-du-temps\/#primaryimage","url":"https:\/\/hopeboutique.net\/wp-content\/uploads\/2024\/07\/Limportant-nest-pas-de-tout-faire-mais-de-faire-le-plus-important.-1.png","contentUrl":"https:\/\/hopeboutique.net\/wp-content\/uploads\/2024\/07\/Limportant-nest-pas-de-tout-faire-mais-de-faire-le-plus-important.-1.png","width":940,"height":788},{"@type":"BreadcrumbList","@id":"https:\/\/hopeboutique.net\/index.php\/produit\/gestion-du-temps\/#breadcrumb","itemListElement":[{"@type":"ListItem","position":1,"name":"Accueil","item":"https:\/\/hopeboutique.net\/"},{"@type":"ListItem","position":2,"name":"Boutique","item":"https:\/\/hopeboutique.net\/index.php\/boutique\/"},{"@type":"ListItem","position":3,"name":"GESTION DU TEMPS"}]},{"@type":"WebSite","@id":"https:\/\/hopeboutique.net\/#website","url":"https:\/\/hopeboutique.net\/","name":"hopeboutique.net","description":"Construisez votre avenir ici","publisher":{"@id":"https:\/\/hopeboutique.net\/#organization"},"potentialAction":[{"@type":"SearchAction","target":{"@type":"EntryPoint","urlTemplate":"https:\/\/hopeboutique.net\/?s={search_term_string}"},"query-input":{"@type":"PropertyValueSpecification","valueRequired":true,"valueName":"search_term_string"}}],"inLanguage":"fr-FR"},{"@type":"Organization","@id":"https:\/\/hopeboutique.net\/#organization","name":"hopeboutique.net","url":"https:\/\/hopeboutique.net\/","logo":{"@type":"ImageObject","inLanguage":"fr-FR","@id":"https:\/\/hopeboutique.net\/#\/schema\/logo\/image\/","url":"https:\/\/hopeboutique.net\/wp-content\/uploads\/2022\/07\/logo-2.png","contentUrl":"https:\/\/hopeboutique.net\/wp-content\/uploads\/2022\/07\/logo-2.png","width":108,"height":153,"caption":"hopeboutique.net"},"image":{"@id":"https:\/\/hopeboutique.net\/#\/schema\/logo\/image\/"},"sameAs":["https:\/\/www.facebook.com\/HopeBoutique.entreprise"]}]}},"_links":{"self":[{"href":"https:\/\/hopeboutique.net\/index.php\/wp-json\/wp\/v2\/product\/1903","targetHints":{"allow":["GET"]}}],"collection":[{"href":"https:\/\/hopeboutique.net\/index.php\/wp-json\/wp\/v2\/product"}],"about":[{"href":"https:\/\/hopeboutique.net\/index.php\/wp-json\/wp\/v2\/types\/product"}],"replies":[{"embeddable":true,"href":"https:\/\/hopeboutique.net\/index.php\/wp-json\/wp\/v2\/comments?post=1903"}],"wp:featuredmedia":[{"embeddable":true,"href":"https:\/\/hopeboutique.net\/index.php\/wp-json\/wp\/v2\/media\/1892"}],"wp:attachment":[{"href":"https:\/\/hopeboutique.net\/index.php\/wp-json\/wp\/v2\/media?parent=1903"}],"wp:term":[{"taxonomy":"product_brand","embeddable":true,"href":"https:\/\/hopeboutique.net\/index.php\/wp-json\/wp\/v2\/product_brand?post=1903"},{"taxonomy":"product_cat","embeddable":true,"href":"https:\/\/hopeboutique.net\/index.php\/wp-json\/wp\/v2\/product_cat?post=1903"},{"taxonomy":"product_tag","embeddable":true,"href":"https:\/\/hopeboutique.net\/index.php\/wp-json\/wp\/v2\/product_tag?post=1903"}],"curies":[{"name":"wp","href":"https:\/\/api.w.org\/{rel}","templated":true}]}}