{"id":2629,"date":"2024-11-04T14:26:54","date_gmt":"2024-11-04T14:26:54","guid":{"rendered":"https:\/\/hopeboutique.net\/?post_type=product&#038;p=2629"},"modified":"2026-04-13T04:24:29","modified_gmt":"2026-04-13T04:24:29","slug":"planification-financiere","status":"publish","type":"product","link":"https:\/\/hopeboutique.net\/index.php\/produit\/planification-financiere\/","title":{"rendered":"PLANIFICATION  FINANCIERE"},"content":{"rendered":"<p>Optimiser votre situation financi\u00e8re et votre patrimoine, peu importe votre \u00e2ge et vos moyens. <strong>Cela vous permet de r\u00e9aliser vos r\u00eaves et d\u2019atteindre vos objectifs financiers.<\/strong><\/p>\n","protected":false},"excerpt":{"rendered":"<p>Lorsque tu es pr\u00e9par\u00e9 \u00e0 ce que les bonnes choses arrivent, elles viennent \u00e0 toi. Tu dois garder \u00e0 l&rsquo;esprit que tout ce qui est bon arrivera, et tu dois aussi avoir un plan appropri\u00e9 pour cela.<\/p>\n","protected":false},"featured_media":2631,"comment_status":"open","ping_status":"closed","template":"","meta":{"_eb_attr":"","om_disable_all_campaigns":false,"postBodyCss":"","postBodyMargin":[],"postBodyPadding":[],"postBodyBackground":{"backgroundType":"classic","gradient":""},"_joinchat":[]},"product_brand":[],"product_cat":[25],"product_tag":[],"class_list":{"0":"post-2629","1":"product","2":"type-product","3":"status-publish","4":"has-post-thumbnail","6":"product_cat-e-books","8":"first","9":"instock","10":"shipping-taxable","11":"purchasable","12":"product-type-simple"},"yoast_head":"<!-- This site is optimized with the Yoast SEO plugin v25.7 - https:\/\/yoast.com\/wordpress\/plugins\/seo\/ -->\n<title>PLANIFICATION FINANCIERE - hopeboutique.net<\/title>\n<meta name=\"robots\" content=\"index, follow, max-snippet:-1, max-image-preview:large, max-video-preview:-1\" \/>\n<link rel=\"canonical\" href=\"https:\/\/hopeboutique.net\/index.php\/produit\/planification-financiere\/\" \/>\n<meta property=\"og:locale\" content=\"fr_FR\" \/>\n<meta property=\"og:type\" content=\"article\" \/>\n<meta property=\"og:title\" content=\"PLANIFICATION FINANCIERE - hopeboutique.net\" \/>\n<meta property=\"og:description\" content=\"Lorsque tu es pr\u00e9par\u00e9 \u00e0 ce que les bonnes choses arrivent, elles viennent \u00e0 toi. Tu dois garder \u00e0 l&#039;esprit que tout ce qui est bon arrivera, et tu dois aussi avoir un plan appropri\u00e9 pour cela.\" \/>\n<meta property=\"og:url\" content=\"https:\/\/hopeboutique.net\/index.php\/produit\/planification-financiere\/\" \/>\n<meta property=\"og:site_name\" content=\"hopeboutique.net\" \/>\n<meta property=\"article:publisher\" content=\"https:\/\/www.facebook.com\/HopeBoutique.entreprise\" \/>\n<meta property=\"article:modified_time\" content=\"2026-04-13T04:24:29+00:00\" \/>\n<meta property=\"og:image\" content=\"https:\/\/hopeboutique.net\/wp-content\/uploads\/2024\/11\/PLANIFICATION-FINANCIERE-1024x683.png\" \/>\n\t<meta property=\"og:image:width\" content=\"1024\" \/>\n\t<meta property=\"og:image:height\" content=\"683\" \/>\n\t<meta property=\"og:image:type\" content=\"image\/png\" \/>\n<meta name=\"twitter:card\" content=\"summary_large_image\" \/>\n<script type=\"application\/ld+json\" class=\"yoast-schema-graph\">{\"@context\":\"https:\/\/schema.org\",\"@graph\":[{\"@type\":\"WebPage\",\"@id\":\"https:\/\/hopeboutique.net\/index.php\/produit\/planification-financiere\/\",\"url\":\"https:\/\/hopeboutique.net\/index.php\/produit\/planification-financiere\/\",\"name\":\"PLANIFICATION FINANCIERE - hopeboutique.net\",\"isPartOf\":{\"@id\":\"https:\/\/hopeboutique.net\/#website\"},\"primaryImageOfPage\":{\"@id\":\"https:\/\/hopeboutique.net\/index.php\/produit\/planification-financiere\/#primaryimage\"},\"image\":{\"@id\":\"https:\/\/hopeboutique.net\/index.php\/produit\/planification-financiere\/#primaryimage\"},\"thumbnailUrl\":\"https:\/\/hopeboutique.net\/wp-content\/uploads\/2024\/11\/PLANIFICATION-FINANCIERE.png\",\"datePublished\":\"2024-11-04T14:26:54+00:00\",\"dateModified\":\"2026-04-13T04:24:29+00:00\",\"breadcrumb\":{\"@id\":\"https:\/\/hopeboutique.net\/index.php\/produit\/planification-financiere\/#breadcrumb\"},\"inLanguage\":\"fr-FR\",\"potentialAction\":[{\"@type\":\"ReadAction\",\"target\":[\"https:\/\/hopeboutique.net\/index.php\/produit\/planification-financiere\/\"]}]},{\"@type\":\"ImageObject\",\"inLanguage\":\"fr-FR\",\"@id\":\"https:\/\/hopeboutique.net\/index.php\/produit\/planification-financiere\/#primaryimage\",\"url\":\"https:\/\/hopeboutique.net\/wp-content\/uploads\/2024\/11\/PLANIFICATION-FINANCIERE.png\",\"contentUrl\":\"https:\/\/hopeboutique.net\/wp-content\/uploads\/2024\/11\/PLANIFICATION-FINANCIERE.png\",\"width\":1920,\"height\":1280},{\"@type\":\"BreadcrumbList\",\"@id\":\"https:\/\/hopeboutique.net\/index.php\/produit\/planification-financiere\/#breadcrumb\",\"itemListElement\":[{\"@type\":\"ListItem\",\"position\":1,\"name\":\"Accueil\",\"item\":\"https:\/\/hopeboutique.net\/\"},{\"@type\":\"ListItem\",\"position\":2,\"name\":\"Boutique\",\"item\":\"https:\/\/hopeboutique.net\/index.php\/boutique\/\"},{\"@type\":\"ListItem\",\"position\":3,\"name\":\"PLANIFICATION FINANCIERE\"}]},{\"@type\":\"WebSite\",\"@id\":\"https:\/\/hopeboutique.net\/#website\",\"url\":\"https:\/\/hopeboutique.net\/\",\"name\":\"hopeboutique.net\",\"description\":\"Construisez votre avenir ici\",\"publisher\":{\"@id\":\"https:\/\/hopeboutique.net\/#organization\"},\"potentialAction\":[{\"@type\":\"SearchAction\",\"target\":{\"@type\":\"EntryPoint\",\"urlTemplate\":\"https:\/\/hopeboutique.net\/?s={search_term_string}\"},\"query-input\":{\"@type\":\"PropertyValueSpecification\",\"valueRequired\":true,\"valueName\":\"search_term_string\"}}],\"inLanguage\":\"fr-FR\"},{\"@type\":\"Organization\",\"@id\":\"https:\/\/hopeboutique.net\/#organization\",\"name\":\"hopeboutique.net\",\"url\":\"https:\/\/hopeboutique.net\/\",\"logo\":{\"@type\":\"ImageObject\",\"inLanguage\":\"fr-FR\",\"@id\":\"https:\/\/hopeboutique.net\/#\/schema\/logo\/image\/\",\"url\":\"https:\/\/hopeboutique.net\/wp-content\/uploads\/2022\/07\/logo-2.png\",\"contentUrl\":\"https:\/\/hopeboutique.net\/wp-content\/uploads\/2022\/07\/logo-2.png\",\"width\":108,\"height\":153,\"caption\":\"hopeboutique.net\"},\"image\":{\"@id\":\"https:\/\/hopeboutique.net\/#\/schema\/logo\/image\/\"},\"sameAs\":[\"https:\/\/www.facebook.com\/HopeBoutique.entreprise\"]}]}<\/script>\n<!-- \/ Yoast SEO plugin. -->","yoast_head_json":{"title":"PLANIFICATION FINANCIERE - hopeboutique.net","robots":{"index":"index","follow":"follow","max-snippet":"max-snippet:-1","max-image-preview":"max-image-preview:large","max-video-preview":"max-video-preview:-1"},"canonical":"https:\/\/hopeboutique.net\/index.php\/produit\/planification-financiere\/","og_locale":"fr_FR","og_type":"article","og_title":"PLANIFICATION FINANCIERE - hopeboutique.net","og_description":"Lorsque tu es pr\u00e9par\u00e9 \u00e0 ce que les bonnes choses arrivent, elles viennent \u00e0 toi. Tu dois garder \u00e0 l'esprit que tout ce qui est bon arrivera, et tu dois aussi avoir un plan appropri\u00e9 pour cela.","og_url":"https:\/\/hopeboutique.net\/index.php\/produit\/planification-financiere\/","og_site_name":"hopeboutique.net","article_publisher":"https:\/\/www.facebook.com\/HopeBoutique.entreprise","article_modified_time":"2026-04-13T04:24:29+00:00","og_image":[{"width":1024,"height":683,"url":"https:\/\/hopeboutique.net\/wp-content\/uploads\/2024\/11\/PLANIFICATION-FINANCIERE-1024x683.png","type":"image\/png"}],"twitter_card":"summary_large_image","schema":{"@context":"https:\/\/schema.org","@graph":[{"@type":"WebPage","@id":"https:\/\/hopeboutique.net\/index.php\/produit\/planification-financiere\/","url":"https:\/\/hopeboutique.net\/index.php\/produit\/planification-financiere\/","name":"PLANIFICATION FINANCIERE - hopeboutique.net","isPartOf":{"@id":"https:\/\/hopeboutique.net\/#website"},"primaryImageOfPage":{"@id":"https:\/\/hopeboutique.net\/index.php\/produit\/planification-financiere\/#primaryimage"},"image":{"@id":"https:\/\/hopeboutique.net\/index.php\/produit\/planification-financiere\/#primaryimage"},"thumbnailUrl":"https:\/\/hopeboutique.net\/wp-content\/uploads\/2024\/11\/PLANIFICATION-FINANCIERE.png","datePublished":"2024-11-04T14:26:54+00:00","dateModified":"2026-04-13T04:24:29+00:00","breadcrumb":{"@id":"https:\/\/hopeboutique.net\/index.php\/produit\/planification-financiere\/#breadcrumb"},"inLanguage":"fr-FR","potentialAction":[{"@type":"ReadAction","target":["https:\/\/hopeboutique.net\/index.php\/produit\/planification-financiere\/"]}]},{"@type":"ImageObject","inLanguage":"fr-FR","@id":"https:\/\/hopeboutique.net\/index.php\/produit\/planification-financiere\/#primaryimage","url":"https:\/\/hopeboutique.net\/wp-content\/uploads\/2024\/11\/PLANIFICATION-FINANCIERE.png","contentUrl":"https:\/\/hopeboutique.net\/wp-content\/uploads\/2024\/11\/PLANIFICATION-FINANCIERE.png","width":1920,"height":1280},{"@type":"BreadcrumbList","@id":"https:\/\/hopeboutique.net\/index.php\/produit\/planification-financiere\/#breadcrumb","itemListElement":[{"@type":"ListItem","position":1,"name":"Accueil","item":"https:\/\/hopeboutique.net\/"},{"@type":"ListItem","position":2,"name":"Boutique","item":"https:\/\/hopeboutique.net\/index.php\/boutique\/"},{"@type":"ListItem","position":3,"name":"PLANIFICATION FINANCIERE"}]},{"@type":"WebSite","@id":"https:\/\/hopeboutique.net\/#website","url":"https:\/\/hopeboutique.net\/","name":"hopeboutique.net","description":"Construisez votre avenir ici","publisher":{"@id":"https:\/\/hopeboutique.net\/#organization"},"potentialAction":[{"@type":"SearchAction","target":{"@type":"EntryPoint","urlTemplate":"https:\/\/hopeboutique.net\/?s={search_term_string}"},"query-input":{"@type":"PropertyValueSpecification","valueRequired":true,"valueName":"search_term_string"}}],"inLanguage":"fr-FR"},{"@type":"Organization","@id":"https:\/\/hopeboutique.net\/#organization","name":"hopeboutique.net","url":"https:\/\/hopeboutique.net\/","logo":{"@type":"ImageObject","inLanguage":"fr-FR","@id":"https:\/\/hopeboutique.net\/#\/schema\/logo\/image\/","url":"https:\/\/hopeboutique.net\/wp-content\/uploads\/2022\/07\/logo-2.png","contentUrl":"https:\/\/hopeboutique.net\/wp-content\/uploads\/2022\/07\/logo-2.png","width":108,"height":153,"caption":"hopeboutique.net"},"image":{"@id":"https:\/\/hopeboutique.net\/#\/schema\/logo\/image\/"},"sameAs":["https:\/\/www.facebook.com\/HopeBoutique.entreprise"]}]}},"_links":{"self":[{"href":"https:\/\/hopeboutique.net\/index.php\/wp-json\/wp\/v2\/product\/2629","targetHints":{"allow":["GET"]}}],"collection":[{"href":"https:\/\/hopeboutique.net\/index.php\/wp-json\/wp\/v2\/product"}],"about":[{"href":"https:\/\/hopeboutique.net\/index.php\/wp-json\/wp\/v2\/types\/product"}],"replies":[{"embeddable":true,"href":"https:\/\/hopeboutique.net\/index.php\/wp-json\/wp\/v2\/comments?post=2629"}],"wp:featuredmedia":[{"embeddable":true,"href":"https:\/\/hopeboutique.net\/index.php\/wp-json\/wp\/v2\/media\/2631"}],"wp:attachment":[{"href":"https:\/\/hopeboutique.net\/index.php\/wp-json\/wp\/v2\/media?parent=2629"}],"wp:term":[{"taxonomy":"product_brand","embeddable":true,"href":"https:\/\/hopeboutique.net\/index.php\/wp-json\/wp\/v2\/product_brand?post=2629"},{"taxonomy":"product_cat","embeddable":true,"href":"https:\/\/hopeboutique.net\/index.php\/wp-json\/wp\/v2\/product_cat?post=2629"},{"taxonomy":"product_tag","embeddable":true,"href":"https:\/\/hopeboutique.net\/index.php\/wp-json\/wp\/v2\/product_tag?post=2629"}],"curies":[{"name":"wp","href":"https:\/\/api.w.org\/{rel}","templated":true}]}}