{"id":44,"date":"2022-06-20T10:34:28","date_gmt":"2022-06-20T10:34:28","guid":{"rendered":"https:\/\/hopeboutique.net\/?post_type=product&#038;p=44"},"modified":"2026-04-13T04:22:59","modified_gmt":"2026-04-13T04:22:59","slug":"creation-dun-site-e-commerce-complet","status":"publish","type":"product","link":"https:\/\/hopeboutique.net\/index.php\/produit\/creation-dun-site-e-commerce-complet\/","title":{"rendered":"Cr\u00e9ation d&rsquo;un site E-commerce complet"},"content":{"rendered":"<p>BRENDA F.<br \/>\n01\/07\/2022<br \/>\nMerci \u00e0 l&rsquo;\u00e9quipe JBK INVESTMENT GROUP. Mon site est livrer et est parfait. J aime. Merci encore pour le travail.<br \/>\nThanks to the JBK INVESTMENT GROUP team. My site is delivered and is perfect. I love. Thanks again for the work.<\/p>\n","protected":false},"excerpt":{"rendered":"<p>Bonjour<\/p>\n<p>Aimeriez vous avoir votre propre site en ligne?<\/p>\n<p>Mais vous n&rsquo;arrivez pas \u00e0 cr\u00e9er votre boutique par manque de comp\u00e9tences techniques ? Ou\u00a0 vous \u00eates limit\u00e9 au niveau du budget ? Ou vous manquez de temps pour cr\u00e9er votre boutique ?<\/p>\n<p>C&rsquo;est le cas de la majorit\u00e9 des entrepreneurs qui se lancent dans le business en ligne, le e-commerce ou le dropshipping et de la quasi-totalit\u00e9 des personnes avec qui je travaille au quotidien.<\/p>\n<p>98% des personnes qui se lancent dans le e-commerce ou le dropshipping se cassent la figure. La principale raison reste une boutique peu optimis\u00e9e et le manque d&rsquo;une offre marketing en b\u00e9ton.<\/p>\n<p>Voulez-vous faire partir des 95% qui \u00e9chouent ou des 5% qui r\u00e9ussissent ? Vous avez fait le bon choix de vouloir faire partir des 5%.<\/p>\n<p>La cr\u00e9ation d&rsquo;une boutique E.COMMERCE n&rsquo;est pas simplement une question de cr\u00e9ation des pages du site ou de param\u00e9trage.<\/p>\n<p>Elle va au-del\u00e0 en faisant usage de puissants leviers marketing lors de la cr\u00e9ation de votre boutique afin de vous garantir d&rsquo;excellents r\u00e9sultats et de vous \u00e9viter de perdre inutilement votre temps et votre argent.<\/p>\n<p>Je vous propose donc mon \u00e9quipe et moi, de m&rsquo;occuper de la cr\u00e9ation de votre boutique E.COMMERCE en prenant en compte tous les crit\u00e8res indispensables \u00e0 l&rsquo;optimisation de votre boutique.<\/p>\n<p>Qu&rsquo;attendez-vous pour avoir votre boutique Wordpress E-COMMERCE cl\u00e9 en main ?<\/p>\n<p>La cr\u00e9ation de ton site E-COMMERCE CL\u00c9 EN MAIN contient :<\/p>\n<p>\u2714\ufe0f Installation de votre boutique Wordpress.<br \/>\n\u2714\ufe0f Configuration compl\u00e8te<br \/>\n\u2714\ufe0f Optimisation compl\u00e8te<br \/>\n\u2714\ufe0f Recherche et ajout des images de qualit\u00e9 libres de droit<br \/>\n\u2714\ufe0f Int\u00e9gration du th\u00e8me, logo et identifant<br \/>\n\u2714\ufe0f Construction d&rsquo;un branding et d&rsquo;une identit\u00e9 visuelle sur-mesure<br \/>\n\u2714\ufe0f Int\u00e9gration des badges de confiance<br \/>\n\u2714\ufe0f Ajout du nom de domaine et cr\u00e9ation d&rsquo;adresse mail professionnelle<br \/>\n\u2714\ufe0f Optimisation SEO<br \/>\n\u2714\ufe0f Configuration des e-mails automatiques de commande<br \/>\n\u2714\ufe0f Configuration des modes de livraison<br \/>\n\u2714\ufe0f Optimisation responsive du site (adapt\u00e9 aux mobiles)<br \/>\n\u2714\ufe0f Optimisation responsive du site (adapt\u00e9 aux mobiles)<br \/>\n\u2714\ufe0f Cr\u00e9ation des diff\u00e9rentes collections<br \/>\n\u2714\ufe0f Installation des applications indispensables<br \/>\n\u2714\ufe0f Cr\u00e9ation des menus de navigation<br \/>\n\u2714\ufe0f Pages conditions g\u00e9n\u00e9rales, politique de confidentialit\u00e9, politique de retour, page contact, FAQ, \u00c0 propos, suivi de commande<br \/>\n\u2714\ufe0f Int\u00e9gration de 10 produits nich\u00e9s sur votre boutique<br \/>\n\u2714\ufe0f R\u00e9daction d&rsquo;une fiche produit optimis\u00e9e SEO<br \/>\n\u2714\ufe0f Relance de paniers abandonn\u00e9s<\/p>\n<p>Ton site te sera livr\u00e9 au bout de 2 a 3 semaines avec une formation de 24 heures pour t&rsquo;aider \u00e0 g\u00e9rer et faire des modifications.<\/p>\n<p>Apr\u00e8s votre payement, notre \u00e9quipe vous contactera imm\u00e9diatement pour commencer le travail.<\/p>\n<p>Impatiente de vous voir r\u00e9ussir en affaire et commencer \u00e0 \u00eatre ind\u00e9pendante.<\/p>\n<p>Cordialement!<\/p>\n","protected":false},"featured_media":629,"comment_status":"open","ping_status":"closed","template":"","meta":{"_eb_attr":"","om_disable_all_campaigns":false,"postBodyCss":"","postBodyMargin":[],"postBodyPadding":[],"postBodyBackground":{"backgroundType":"classic","gradient":""},"_joinchat":[]},"product_brand":[],"product_cat":[17],"product_tag":[],"class_list":{"0":"post-44","1":"product","2":"type-product","3":"status-publish","4":"has-post-thumbnail","6":"product_cat-creation","8":"first","9":"instock","10":"shipping-taxable","11":"purchasable","12":"product-type-simple"},"yoast_head":"<!-- This site is optimized with the Yoast SEO plugin v25.7 - https:\/\/yoast.com\/wordpress\/plugins\/seo\/ -->\n<title>Cr\u00e9ation d&#039;un site E-commerce complet - hopeboutique.net<\/title>\n<meta name=\"robots\" content=\"index, follow, max-snippet:-1, max-image-preview:large, max-video-preview:-1\" \/>\n<link rel=\"canonical\" href=\"https:\/\/hopeboutique.net\/index.php\/produit\/creation-dun-site-e-commerce-complet\/\" \/>\n<meta property=\"og:locale\" content=\"fr_FR\" \/>\n<meta property=\"og:type\" content=\"article\" \/>\n<meta property=\"og:title\" content=\"Cr\u00e9ation d&#039;un site E-commerce complet - hopeboutique.net\" \/>\n<meta property=\"og:description\" content=\"Bonjour  Aimeriez vous avoir votre propre site en ligne?  Mais vous n&#039;arrivez pas \u00e0 cr\u00e9er votre boutique par manque de comp\u00e9tences techniques ? Ou\u00a0 vous \u00eates limit\u00e9 au niveau du budget ? Ou vous manquez de temps pour cr\u00e9er votre boutique ?  C&#039;est le cas de la majorit\u00e9 des entrepreneurs qui se lancent dans le business en ligne, le e-commerce ou le dropshipping et de la quasi-totalit\u00e9 des personnes avec qui je travaille au quotidien.  98% des personnes qui se lancent dans le e-commerce ou le dropshipping se cassent la figure. La principale raison reste une boutique peu optimis\u00e9e et le manque d&#039;une offre marketing en b\u00e9ton.  Voulez-vous faire partir des 95% qui \u00e9chouent ou des 5% qui r\u00e9ussissent ? Vous avez fait le bon choix de vouloir faire partir des 5%.  La cr\u00e9ation d&#039;une boutique E.COMMERCE n&#039;est pas simplement une question de cr\u00e9ation des pages du site ou de param\u00e9trage.  Elle va au-del\u00e0 en faisant usage de puissants leviers marketing lors de la cr\u00e9ation de votre boutique afin de vous garantir d&#039;excellents r\u00e9sultats et de vous \u00e9viter de perdre inutilement votre temps et votre argent.  Je vous propose donc mon \u00e9quipe et moi, de m&#039;occuper de la cr\u00e9ation de votre boutique E.COMMERCE en prenant en compte tous les crit\u00e8res indispensables \u00e0 l&#039;optimisation de votre boutique.  Qu&#039;attendez-vous pour avoir votre boutique Wordpress E-COMMERCE cl\u00e9 en main ?  La cr\u00e9ation de ton site E-COMMERCE CL\u00c9 EN MAIN contient :  \u2714\ufe0f Installation de votre boutique Wordpress. \u2714\ufe0f Configuration compl\u00e8te \u2714\ufe0f Optimisation compl\u00e8te \u2714\ufe0f Recherche et ajout des images de qualit\u00e9 libres de droit \u2714\ufe0f Int\u00e9gration du th\u00e8me, logo et identifant \u2714\ufe0f Construction d&#039;un branding et d&#039;une identit\u00e9 visuelle sur-mesure \u2714\ufe0f Int\u00e9gration des badges de confiance \u2714\ufe0f Ajout du nom de domaine et cr\u00e9ation d&#039;adresse mail professionnelle \u2714\ufe0f Optimisation SEO \u2714\ufe0f Configuration des e-mails automatiques de commande \u2714\ufe0f Configuration des modes de livraison \u2714\ufe0f Optimisation responsive du site (adapt\u00e9 aux mobiles) \u2714\ufe0f Optimisation responsive du site (adapt\u00e9 aux mobiles) \u2714\ufe0f Cr\u00e9ation des diff\u00e9rentes collections \u2714\ufe0f Installation des applications indispensables \u2714\ufe0f Cr\u00e9ation des menus de navigation \u2714\ufe0f Pages conditions g\u00e9n\u00e9rales, politique de confidentialit\u00e9, politique de retour, page contact, FAQ, \u00c0 propos, suivi de commande \u2714\ufe0f Int\u00e9gration de 10 produits nich\u00e9s sur votre boutique \u2714\ufe0f R\u00e9daction d&#039;une fiche produit optimis\u00e9e SEO \u2714\ufe0f Relance de paniers abandonn\u00e9s  Ton site te sera livr\u00e9 au bout de 2 a 3 semaines avec une formation de 24 heures pour t&#039;aider \u00e0 g\u00e9rer et faire des modifications.  Apr\u00e8s votre payement, notre \u00e9quipe vous contactera imm\u00e9diatement pour commencer le travail.  Impatiente de vous voir r\u00e9ussir en affaire et commencer \u00e0 \u00eatre ind\u00e9pendante.  Cordialement!\" \/>\n<meta property=\"og:url\" content=\"https:\/\/hopeboutique.net\/index.php\/produit\/creation-dun-site-e-commerce-complet\/\" \/>\n<meta property=\"og:site_name\" content=\"hopeboutique.net\" \/>\n<meta property=\"article:publisher\" content=\"https:\/\/www.facebook.com\/HopeBoutique.entreprise\" \/>\n<meta property=\"article:modified_time\" content=\"2026-04-13T04:22:59+00:00\" \/>\n<meta property=\"og:image\" content=\"https:\/\/hopeboutique.net\/wp-content\/uploads\/2022\/07\/Decouvrez-notre-boutique-en-ligne-3.png\" \/>\n\t<meta property=\"og:image:width\" content=\"1920\" \/>\n\t<meta property=\"og:image:height\" content=\"1080\" \/>\n\t<meta property=\"og:image:type\" content=\"image\/png\" \/>\n<meta name=\"twitter:card\" content=\"summary_large_image\" \/>\n<script type=\"application\/ld+json\" class=\"yoast-schema-graph\">{\"@context\":\"https:\/\/schema.org\",\"@graph\":[{\"@type\":\"WebPage\",\"@id\":\"https:\/\/hopeboutique.net\/index.php\/produit\/creation-dun-site-e-commerce-complet\/\",\"url\":\"https:\/\/hopeboutique.net\/index.php\/produit\/creation-dun-site-e-commerce-complet\/\",\"name\":\"Cr\u00e9ation d'un site E-commerce complet - hopeboutique.net\",\"isPartOf\":{\"@id\":\"https:\/\/hopeboutique.net\/#website\"},\"primaryImageOfPage\":{\"@id\":\"https:\/\/hopeboutique.net\/index.php\/produit\/creation-dun-site-e-commerce-complet\/#primaryimage\"},\"image\":{\"@id\":\"https:\/\/hopeboutique.net\/index.php\/produit\/creation-dun-site-e-commerce-complet\/#primaryimage\"},\"thumbnailUrl\":\"https:\/\/hopeboutique.net\/wp-content\/uploads\/2022\/07\/Decouvrez-notre-boutique-en-ligne-3.png\",\"datePublished\":\"2022-06-20T10:34:28+00:00\",\"dateModified\":\"2026-04-13T04:22:59+00:00\",\"breadcrumb\":{\"@id\":\"https:\/\/hopeboutique.net\/index.php\/produit\/creation-dun-site-e-commerce-complet\/#breadcrumb\"},\"inLanguage\":\"fr-FR\",\"potentialAction\":[{\"@type\":\"ReadAction\",\"target\":[\"https:\/\/hopeboutique.net\/index.php\/produit\/creation-dun-site-e-commerce-complet\/\"]}]},{\"@type\":\"ImageObject\",\"inLanguage\":\"fr-FR\",\"@id\":\"https:\/\/hopeboutique.net\/index.php\/produit\/creation-dun-site-e-commerce-complet\/#primaryimage\",\"url\":\"https:\/\/hopeboutique.net\/wp-content\/uploads\/2022\/07\/Decouvrez-notre-boutique-en-ligne-3.png\",\"contentUrl\":\"https:\/\/hopeboutique.net\/wp-content\/uploads\/2022\/07\/Decouvrez-notre-boutique-en-ligne-3.png\",\"width\":1920,\"height\":1080},{\"@type\":\"BreadcrumbList\",\"@id\":\"https:\/\/hopeboutique.net\/index.php\/produit\/creation-dun-site-e-commerce-complet\/#breadcrumb\",\"itemListElement\":[{\"@type\":\"ListItem\",\"position\":1,\"name\":\"Accueil\",\"item\":\"https:\/\/hopeboutique.net\/\"},{\"@type\":\"ListItem\",\"position\":2,\"name\":\"Boutique\",\"item\":\"https:\/\/hopeboutique.net\/index.php\/boutique\/\"},{\"@type\":\"ListItem\",\"position\":3,\"name\":\"Cr\u00e9ation d&rsquo;un site E-commerce complet\"}]},{\"@type\":\"WebSite\",\"@id\":\"https:\/\/hopeboutique.net\/#website\",\"url\":\"https:\/\/hopeboutique.net\/\",\"name\":\"hopeboutique.net\",\"description\":\"Construisez votre avenir ici\",\"publisher\":{\"@id\":\"https:\/\/hopeboutique.net\/#organization\"},\"potentialAction\":[{\"@type\":\"SearchAction\",\"target\":{\"@type\":\"EntryPoint\",\"urlTemplate\":\"https:\/\/hopeboutique.net\/?s={search_term_string}\"},\"query-input\":{\"@type\":\"PropertyValueSpecification\",\"valueRequired\":true,\"valueName\":\"search_term_string\"}}],\"inLanguage\":\"fr-FR\"},{\"@type\":\"Organization\",\"@id\":\"https:\/\/hopeboutique.net\/#organization\",\"name\":\"hopeboutique.net\",\"url\":\"https:\/\/hopeboutique.net\/\",\"logo\":{\"@type\":\"ImageObject\",\"inLanguage\":\"fr-FR\",\"@id\":\"https:\/\/hopeboutique.net\/#\/schema\/logo\/image\/\",\"url\":\"https:\/\/hopeboutique.net\/wp-content\/uploads\/2022\/07\/logo-2.png\",\"contentUrl\":\"https:\/\/hopeboutique.net\/wp-content\/uploads\/2022\/07\/logo-2.png\",\"width\":108,\"height\":153,\"caption\":\"hopeboutique.net\"},\"image\":{\"@id\":\"https:\/\/hopeboutique.net\/#\/schema\/logo\/image\/\"},\"sameAs\":[\"https:\/\/www.facebook.com\/HopeBoutique.entreprise\"]}]}<\/script>\n<!-- \/ Yoast SEO plugin. -->","yoast_head_json":{"title":"Cr\u00e9ation d'un site E-commerce complet - hopeboutique.net","robots":{"index":"index","follow":"follow","max-snippet":"max-snippet:-1","max-image-preview":"max-image-preview:large","max-video-preview":"max-video-preview:-1"},"canonical":"https:\/\/hopeboutique.net\/index.php\/produit\/creation-dun-site-e-commerce-complet\/","og_locale":"fr_FR","og_type":"article","og_title":"Cr\u00e9ation d'un site E-commerce complet - hopeboutique.net","og_description":"Bonjour  Aimeriez vous avoir votre propre site en ligne?  Mais vous n'arrivez pas \u00e0 cr\u00e9er votre boutique par manque de comp\u00e9tences techniques ? Ou\u00a0 vous \u00eates limit\u00e9 au niveau du budget ? Ou vous manquez de temps pour cr\u00e9er votre boutique ?  C'est le cas de la majorit\u00e9 des entrepreneurs qui se lancent dans le business en ligne, le e-commerce ou le dropshipping et de la quasi-totalit\u00e9 des personnes avec qui je travaille au quotidien.  98% des personnes qui se lancent dans le e-commerce ou le dropshipping se cassent la figure. La principale raison reste une boutique peu optimis\u00e9e et le manque d'une offre marketing en b\u00e9ton.  Voulez-vous faire partir des 95% qui \u00e9chouent ou des 5% qui r\u00e9ussissent ? Vous avez fait le bon choix de vouloir faire partir des 5%.  La cr\u00e9ation d'une boutique E.COMMERCE n'est pas simplement une question de cr\u00e9ation des pages du site ou de param\u00e9trage.  Elle va au-del\u00e0 en faisant usage de puissants leviers marketing lors de la cr\u00e9ation de votre boutique afin de vous garantir d'excellents r\u00e9sultats et de vous \u00e9viter de perdre inutilement votre temps et votre argent.  Je vous propose donc mon \u00e9quipe et moi, de m'occuper de la cr\u00e9ation de votre boutique E.COMMERCE en prenant en compte tous les crit\u00e8res indispensables \u00e0 l'optimisation de votre boutique.  Qu'attendez-vous pour avoir votre boutique Wordpress E-COMMERCE cl\u00e9 en main ?  La cr\u00e9ation de ton site E-COMMERCE CL\u00c9 EN MAIN contient :  \u2714\ufe0f Installation de votre boutique Wordpress. \u2714\ufe0f Configuration compl\u00e8te \u2714\ufe0f Optimisation compl\u00e8te \u2714\ufe0f Recherche et ajout des images de qualit\u00e9 libres de droit \u2714\ufe0f Int\u00e9gration du th\u00e8me, logo et identifant \u2714\ufe0f Construction d'un branding et d'une identit\u00e9 visuelle sur-mesure \u2714\ufe0f Int\u00e9gration des badges de confiance \u2714\ufe0f Ajout du nom de domaine et cr\u00e9ation d'adresse mail professionnelle \u2714\ufe0f Optimisation SEO \u2714\ufe0f Configuration des e-mails automatiques de commande \u2714\ufe0f Configuration des modes de livraison \u2714\ufe0f Optimisation responsive du site (adapt\u00e9 aux mobiles) \u2714\ufe0f Optimisation responsive du site (adapt\u00e9 aux mobiles) \u2714\ufe0f Cr\u00e9ation des diff\u00e9rentes collections \u2714\ufe0f Installation des applications indispensables \u2714\ufe0f Cr\u00e9ation des menus de navigation \u2714\ufe0f Pages conditions g\u00e9n\u00e9rales, politique de confidentialit\u00e9, politique de retour, page contact, FAQ, \u00c0 propos, suivi de commande \u2714\ufe0f Int\u00e9gration de 10 produits nich\u00e9s sur votre boutique \u2714\ufe0f R\u00e9daction d'une fiche produit optimis\u00e9e SEO \u2714\ufe0f Relance de paniers abandonn\u00e9s  Ton site te sera livr\u00e9 au bout de 2 a 3 semaines avec une formation de 24 heures pour t'aider \u00e0 g\u00e9rer et faire des modifications.  Apr\u00e8s votre payement, notre \u00e9quipe vous contactera imm\u00e9diatement pour commencer le travail.  Impatiente de vous voir r\u00e9ussir en affaire et commencer \u00e0 \u00eatre ind\u00e9pendante.  Cordialement!","og_url":"https:\/\/hopeboutique.net\/index.php\/produit\/creation-dun-site-e-commerce-complet\/","og_site_name":"hopeboutique.net","article_publisher":"https:\/\/www.facebook.com\/HopeBoutique.entreprise","article_modified_time":"2026-04-13T04:22:59+00:00","og_image":[{"width":1920,"height":1080,"url":"https:\/\/hopeboutique.net\/wp-content\/uploads\/2022\/07\/Decouvrez-notre-boutique-en-ligne-3.png","type":"image\/png"}],"twitter_card":"summary_large_image","schema":{"@context":"https:\/\/schema.org","@graph":[{"@type":"WebPage","@id":"https:\/\/hopeboutique.net\/index.php\/produit\/creation-dun-site-e-commerce-complet\/","url":"https:\/\/hopeboutique.net\/index.php\/produit\/creation-dun-site-e-commerce-complet\/","name":"Cr\u00e9ation d'un site E-commerce complet - hopeboutique.net","isPartOf":{"@id":"https:\/\/hopeboutique.net\/#website"},"primaryImageOfPage":{"@id":"https:\/\/hopeboutique.net\/index.php\/produit\/creation-dun-site-e-commerce-complet\/#primaryimage"},"image":{"@id":"https:\/\/hopeboutique.net\/index.php\/produit\/creation-dun-site-e-commerce-complet\/#primaryimage"},"thumbnailUrl":"https:\/\/hopeboutique.net\/wp-content\/uploads\/2022\/07\/Decouvrez-notre-boutique-en-ligne-3.png","datePublished":"2022-06-20T10:34:28+00:00","dateModified":"2026-04-13T04:22:59+00:00","breadcrumb":{"@id":"https:\/\/hopeboutique.net\/index.php\/produit\/creation-dun-site-e-commerce-complet\/#breadcrumb"},"inLanguage":"fr-FR","potentialAction":[{"@type":"ReadAction","target":["https:\/\/hopeboutique.net\/index.php\/produit\/creation-dun-site-e-commerce-complet\/"]}]},{"@type":"ImageObject","inLanguage":"fr-FR","@id":"https:\/\/hopeboutique.net\/index.php\/produit\/creation-dun-site-e-commerce-complet\/#primaryimage","url":"https:\/\/hopeboutique.net\/wp-content\/uploads\/2022\/07\/Decouvrez-notre-boutique-en-ligne-3.png","contentUrl":"https:\/\/hopeboutique.net\/wp-content\/uploads\/2022\/07\/Decouvrez-notre-boutique-en-ligne-3.png","width":1920,"height":1080},{"@type":"BreadcrumbList","@id":"https:\/\/hopeboutique.net\/index.php\/produit\/creation-dun-site-e-commerce-complet\/#breadcrumb","itemListElement":[{"@type":"ListItem","position":1,"name":"Accueil","item":"https:\/\/hopeboutique.net\/"},{"@type":"ListItem","position":2,"name":"Boutique","item":"https:\/\/hopeboutique.net\/index.php\/boutique\/"},{"@type":"ListItem","position":3,"name":"Cr\u00e9ation d&rsquo;un site E-commerce complet"}]},{"@type":"WebSite","@id":"https:\/\/hopeboutique.net\/#website","url":"https:\/\/hopeboutique.net\/","name":"hopeboutique.net","description":"Construisez votre avenir ici","publisher":{"@id":"https:\/\/hopeboutique.net\/#organization"},"potentialAction":[{"@type":"SearchAction","target":{"@type":"EntryPoint","urlTemplate":"https:\/\/hopeboutique.net\/?s={search_term_string}"},"query-input":{"@type":"PropertyValueSpecification","valueRequired":true,"valueName":"search_term_string"}}],"inLanguage":"fr-FR"},{"@type":"Organization","@id":"https:\/\/hopeboutique.net\/#organization","name":"hopeboutique.net","url":"https:\/\/hopeboutique.net\/","logo":{"@type":"ImageObject","inLanguage":"fr-FR","@id":"https:\/\/hopeboutique.net\/#\/schema\/logo\/image\/","url":"https:\/\/hopeboutique.net\/wp-content\/uploads\/2022\/07\/logo-2.png","contentUrl":"https:\/\/hopeboutique.net\/wp-content\/uploads\/2022\/07\/logo-2.png","width":108,"height":153,"caption":"hopeboutique.net"},"image":{"@id":"https:\/\/hopeboutique.net\/#\/schema\/logo\/image\/"},"sameAs":["https:\/\/www.facebook.com\/HopeBoutique.entreprise"]}]}},"_links":{"self":[{"href":"https:\/\/hopeboutique.net\/index.php\/wp-json\/wp\/v2\/product\/44","targetHints":{"allow":["GET"]}}],"collection":[{"href":"https:\/\/hopeboutique.net\/index.php\/wp-json\/wp\/v2\/product"}],"about":[{"href":"https:\/\/hopeboutique.net\/index.php\/wp-json\/wp\/v2\/types\/product"}],"replies":[{"embeddable":true,"href":"https:\/\/hopeboutique.net\/index.php\/wp-json\/wp\/v2\/comments?post=44"}],"wp:featuredmedia":[{"embeddable":true,"href":"https:\/\/hopeboutique.net\/index.php\/wp-json\/wp\/v2\/media\/629"}],"wp:attachment":[{"href":"https:\/\/hopeboutique.net\/index.php\/wp-json\/wp\/v2\/media?parent=44"}],"wp:term":[{"taxonomy":"product_brand","embeddable":true,"href":"https:\/\/hopeboutique.net\/index.php\/wp-json\/wp\/v2\/product_brand?post=44"},{"taxonomy":"product_cat","embeddable":true,"href":"https:\/\/hopeboutique.net\/index.php\/wp-json\/wp\/v2\/product_cat?post=44"},{"taxonomy":"product_tag","embeddable":true,"href":"https:\/\/hopeboutique.net\/index.php\/wp-json\/wp\/v2\/product_tag?post=44"}],"curies":[{"name":"wp","href":"https:\/\/api.w.org\/{rel}","templated":true}]}}