{"id":642,"date":"2022-07-13T09:38:42","date_gmt":"2022-07-13T09:38:42","guid":{"rendered":"https:\/\/hopeboutique.net\/?post_type=product&#038;p=642"},"modified":"2026-05-03T13:13:42","modified_gmt":"2026-05-03T13:13:42","slug":"creation-configurationpublicite-facebook","status":"publish","type":"product","link":"https:\/\/hopeboutique.net\/index.php\/produit\/creation-configurationpublicite-facebook\/","title":{"rendered":"cr\u00e9ation, configuration,publicit\u00e9 Facebook"},"content":{"rendered":"","protected":false},"excerpt":{"rendered":"<p>Vous souhaitez\u00a0 cr\u00e9er, configurer, et faire de la publicit\u00e9 Facebook mais vous ne savez pas comment vous y prendre ?<\/p>\n<p>La majorit\u00e9 des personnes que vous ciblez voient votre publicit\u00e9 sans acc\u00e9der \u00e0 votre site ?<\/p>\n<p>Vous ne savez pas comment palier \u00e0 ce probl\u00e8me ?<\/p>\n<p>\u00c9tant donn\u00e9 l&rsquo;effort (et le co\u00fbt) n\u00e9cessaire pour g\u00e9n\u00e9rer vos publicit\u00e9s,\u00a0c&rsquo;est un sacr\u00e9 g\u00e2chis\u2026<\/p>\n<p>Notre \u00e9quipe expert du web marketing, a men\u00e9 \u00e9norm\u00e9ment de campagnes publicitaires Facebook, \u00e0 succ\u00e8s. Toutefois, la publicit\u00e9 Facebook peut \u00eatre un couteau \u00e0 double tranchant ! Sans comp\u00e9tences et connaissances dans le domaine, vous risquez tr\u00e8s fortement de vous perdre..<\/p>\n<p>Croyez-moi, j&rsquo;en ai fait l&rsquo;exp\u00e9rience \u00e0 mes d\u00e9buts dans le web marketing. J&rsquo;ai d\u00e9pens\u00e9 \u00e9norm\u00e9ment de temps, d\u2019\u00e9nergie et d&rsquo;argent pour pouvoir apprendre \u00e0 bien utiliser et exploiter la configuration de sa page et ainsi que la publicit\u00e9.<\/p>\n<p>Apr\u00e8s avoir acquis suffisamment de comp\u00e9tences, j&rsquo;ai compris pourquoi les grandes marques telles qu\u2019Adidas, Nike ou encore Chanel, utilisent la publicit\u00e9 Facebook&#8230; Le retour sur investissement peut \u00eatre \u00c9NORME !<\/p>\n<p>Si vous ne voulez pas passer par la case perte de temps, d\u2019\u00e9nergie et d&rsquo;argent, je vous sugg\u00e8re d\u2019acc\u00e9der \u00e0 l&rsquo;expertise de mon \u00e9quipe pour cr\u00e9er, configurer et\u00a0 booster vos publicit\u00e9s !<\/p>\n","protected":false},"featured_media":633,"comment_status":"open","ping_status":"closed","template":"","meta":{"_eb_attr":"","om_disable_all_campaigns":false,"postBodyCss":"","postBodyMargin":[],"postBodyPadding":[],"postBodyBackground":{"backgroundType":"classic","gradient":""},"_joinchat":[]},"product_brand":[],"product_cat":[17],"product_tag":[],"class_list":{"0":"post-642","1":"product","2":"type-product","3":"status-publish","4":"has-post-thumbnail","6":"product_cat-creation","8":"first","9":"instock","10":"shipping-taxable","11":"purchasable","12":"product-type-simple"},"yoast_head":"<!-- This site is optimized with the Yoast SEO plugin v25.7 - https:\/\/yoast.com\/wordpress\/plugins\/seo\/ -->\n<title>cr\u00e9ation, configuration,publicit\u00e9 Facebook - hopeboutique.net<\/title>\n<meta name=\"robots\" content=\"index, follow, max-snippet:-1, max-image-preview:large, max-video-preview:-1\" \/>\n<link rel=\"canonical\" href=\"https:\/\/hopeboutique.net\/index.php\/produit\/creation-configurationpublicite-facebook\/\" \/>\n<meta property=\"og:locale\" content=\"fr_FR\" \/>\n<meta property=\"og:type\" content=\"article\" \/>\n<meta property=\"og:title\" content=\"cr\u00e9ation, configuration,publicit\u00e9 Facebook - hopeboutique.net\" \/>\n<meta property=\"og:description\" content=\"Vous souhaitez\u00a0 cr\u00e9er, configurer, et faire de la publicit\u00e9 Facebook mais vous ne savez pas comment vous y prendre ?  La majorit\u00e9 des personnes que vous ciblez voient votre publicit\u00e9 sans acc\u00e9der \u00e0 votre site ?  Vous ne savez pas comment palier \u00e0 ce probl\u00e8me ?  \u00c9tant donn\u00e9 l&#039;effort (et le co\u00fbt) n\u00e9cessaire pour g\u00e9n\u00e9rer vos publicit\u00e9s,\u00a0c&#039;est un sacr\u00e9 g\u00e2chis\u2026  Notre \u00e9quipe expert du web marketing, a men\u00e9 \u00e9norm\u00e9ment de campagnes publicitaires Facebook, \u00e0 succ\u00e8s. Toutefois, la publicit\u00e9 Facebook peut \u00eatre un couteau \u00e0 double tranchant ! Sans comp\u00e9tences et connaissances dans le domaine, vous risquez tr\u00e8s fortement de vous perdre..  Croyez-moi, j&#039;en ai fait l&#039;exp\u00e9rience \u00e0 mes d\u00e9buts dans le web marketing. J&#039;ai d\u00e9pens\u00e9 \u00e9norm\u00e9ment de temps, d\u2019\u00e9nergie et d&#039;argent pour pouvoir apprendre \u00e0 bien utiliser et exploiter la configuration de sa page et ainsi que la publicit\u00e9.  Apr\u00e8s avoir acquis suffisamment de comp\u00e9tences, j&#039;ai compris pourquoi les grandes marques telles qu\u2019Adidas, Nike ou encore Chanel, utilisent la publicit\u00e9 Facebook... Le retour sur investissement peut \u00eatre \u00c9NORME !  Si vous ne voulez pas passer par la case perte de temps, d\u2019\u00e9nergie et d&#039;argent, je vous sugg\u00e8re d\u2019acc\u00e9der \u00e0 l&#039;expertise de mon \u00e9quipe pour cr\u00e9er, configurer et\u00a0 booster vos publicit\u00e9s !\" \/>\n<meta property=\"og:url\" content=\"https:\/\/hopeboutique.net\/index.php\/produit\/creation-configurationpublicite-facebook\/\" \/>\n<meta property=\"og:site_name\" content=\"hopeboutique.net\" \/>\n<meta property=\"article:publisher\" content=\"https:\/\/www.facebook.com\/HopeBoutique.entreprise\" \/>\n<meta property=\"article:modified_time\" content=\"2026-05-03T13:13:42+00:00\" \/>\n<meta property=\"og:image\" content=\"https:\/\/hopeboutique.net\/wp-content\/uploads\/2022\/07\/Decouvrez-notre-boutique-en-ligne-2.png\" \/>\n\t<meta property=\"og:image:width\" content=\"1920\" \/>\n\t<meta property=\"og:image:height\" content=\"1080\" \/>\n\t<meta property=\"og:image:type\" content=\"image\/png\" \/>\n<meta name=\"twitter:card\" content=\"summary_large_image\" \/>\n<script type=\"application\/ld+json\" class=\"yoast-schema-graph\">{\"@context\":\"https:\/\/schema.org\",\"@graph\":[{\"@type\":\"WebPage\",\"@id\":\"https:\/\/hopeboutique.net\/index.php\/produit\/creation-configurationpublicite-facebook\/\",\"url\":\"https:\/\/hopeboutique.net\/index.php\/produit\/creation-configurationpublicite-facebook\/\",\"name\":\"cr\u00e9ation, configuration,publicit\u00e9 Facebook - hopeboutique.net\",\"isPartOf\":{\"@id\":\"https:\/\/hopeboutique.net\/#website\"},\"primaryImageOfPage\":{\"@id\":\"https:\/\/hopeboutique.net\/index.php\/produit\/creation-configurationpublicite-facebook\/#primaryimage\"},\"image\":{\"@id\":\"https:\/\/hopeboutique.net\/index.php\/produit\/creation-configurationpublicite-facebook\/#primaryimage\"},\"thumbnailUrl\":\"https:\/\/hopeboutique.net\/wp-content\/uploads\/2022\/07\/Decouvrez-notre-boutique-en-ligne-2.png\",\"datePublished\":\"2022-07-13T09:38:42+00:00\",\"dateModified\":\"2026-05-03T13:13:42+00:00\",\"breadcrumb\":{\"@id\":\"https:\/\/hopeboutique.net\/index.php\/produit\/creation-configurationpublicite-facebook\/#breadcrumb\"},\"inLanguage\":\"fr-FR\",\"potentialAction\":[{\"@type\":\"ReadAction\",\"target\":[\"https:\/\/hopeboutique.net\/index.php\/produit\/creation-configurationpublicite-facebook\/\"]}]},{\"@type\":\"ImageObject\",\"inLanguage\":\"fr-FR\",\"@id\":\"https:\/\/hopeboutique.net\/index.php\/produit\/creation-configurationpublicite-facebook\/#primaryimage\",\"url\":\"https:\/\/hopeboutique.net\/wp-content\/uploads\/2022\/07\/Decouvrez-notre-boutique-en-ligne-2.png\",\"contentUrl\":\"https:\/\/hopeboutique.net\/wp-content\/uploads\/2022\/07\/Decouvrez-notre-boutique-en-ligne-2.png\",\"width\":1920,\"height\":1080},{\"@type\":\"BreadcrumbList\",\"@id\":\"https:\/\/hopeboutique.net\/index.php\/produit\/creation-configurationpublicite-facebook\/#breadcrumb\",\"itemListElement\":[{\"@type\":\"ListItem\",\"position\":1,\"name\":\"Accueil\",\"item\":\"https:\/\/hopeboutique.net\/\"},{\"@type\":\"ListItem\",\"position\":2,\"name\":\"Boutique\",\"item\":\"https:\/\/hopeboutique.net\/index.php\/boutique\/\"},{\"@type\":\"ListItem\",\"position\":3,\"name\":\"cr\u00e9ation, configuration,publicit\u00e9 Facebook\"}]},{\"@type\":\"WebSite\",\"@id\":\"https:\/\/hopeboutique.net\/#website\",\"url\":\"https:\/\/hopeboutique.net\/\",\"name\":\"hopeboutique.net\",\"description\":\"Construisez votre avenir ici\",\"publisher\":{\"@id\":\"https:\/\/hopeboutique.net\/#organization\"},\"potentialAction\":[{\"@type\":\"SearchAction\",\"target\":{\"@type\":\"EntryPoint\",\"urlTemplate\":\"https:\/\/hopeboutique.net\/?s={search_term_string}\"},\"query-input\":{\"@type\":\"PropertyValueSpecification\",\"valueRequired\":true,\"valueName\":\"search_term_string\"}}],\"inLanguage\":\"fr-FR\"},{\"@type\":\"Organization\",\"@id\":\"https:\/\/hopeboutique.net\/#organization\",\"name\":\"hopeboutique.net\",\"url\":\"https:\/\/hopeboutique.net\/\",\"logo\":{\"@type\":\"ImageObject\",\"inLanguage\":\"fr-FR\",\"@id\":\"https:\/\/hopeboutique.net\/#\/schema\/logo\/image\/\",\"url\":\"https:\/\/hopeboutique.net\/wp-content\/uploads\/2022\/07\/logo-2.png\",\"contentUrl\":\"https:\/\/hopeboutique.net\/wp-content\/uploads\/2022\/07\/logo-2.png\",\"width\":108,\"height\":153,\"caption\":\"hopeboutique.net\"},\"image\":{\"@id\":\"https:\/\/hopeboutique.net\/#\/schema\/logo\/image\/\"},\"sameAs\":[\"https:\/\/www.facebook.com\/HopeBoutique.entreprise\"]}]}<\/script>\n<!-- \/ Yoast SEO plugin. -->","yoast_head_json":{"title":"cr\u00e9ation, configuration,publicit\u00e9 Facebook - hopeboutique.net","robots":{"index":"index","follow":"follow","max-snippet":"max-snippet:-1","max-image-preview":"max-image-preview:large","max-video-preview":"max-video-preview:-1"},"canonical":"https:\/\/hopeboutique.net\/index.php\/produit\/creation-configurationpublicite-facebook\/","og_locale":"fr_FR","og_type":"article","og_title":"cr\u00e9ation, configuration,publicit\u00e9 Facebook - hopeboutique.net","og_description":"Vous souhaitez\u00a0 cr\u00e9er, configurer, et faire de la publicit\u00e9 Facebook mais vous ne savez pas comment vous y prendre ?  La majorit\u00e9 des personnes que vous ciblez voient votre publicit\u00e9 sans acc\u00e9der \u00e0 votre site ?  Vous ne savez pas comment palier \u00e0 ce probl\u00e8me ?  \u00c9tant donn\u00e9 l'effort (et le co\u00fbt) n\u00e9cessaire pour g\u00e9n\u00e9rer vos publicit\u00e9s,\u00a0c'est un sacr\u00e9 g\u00e2chis\u2026  Notre \u00e9quipe expert du web marketing, a men\u00e9 \u00e9norm\u00e9ment de campagnes publicitaires Facebook, \u00e0 succ\u00e8s. Toutefois, la publicit\u00e9 Facebook peut \u00eatre un couteau \u00e0 double tranchant ! Sans comp\u00e9tences et connaissances dans le domaine, vous risquez tr\u00e8s fortement de vous perdre..  Croyez-moi, j'en ai fait l'exp\u00e9rience \u00e0 mes d\u00e9buts dans le web marketing. J'ai d\u00e9pens\u00e9 \u00e9norm\u00e9ment de temps, d\u2019\u00e9nergie et d'argent pour pouvoir apprendre \u00e0 bien utiliser et exploiter la configuration de sa page et ainsi que la publicit\u00e9.  Apr\u00e8s avoir acquis suffisamment de comp\u00e9tences, j'ai compris pourquoi les grandes marques telles qu\u2019Adidas, Nike ou encore Chanel, utilisent la publicit\u00e9 Facebook... Le retour sur investissement peut \u00eatre \u00c9NORME !  Si vous ne voulez pas passer par la case perte de temps, d\u2019\u00e9nergie et d'argent, je vous sugg\u00e8re d\u2019acc\u00e9der \u00e0 l'expertise de mon \u00e9quipe pour cr\u00e9er, configurer et\u00a0 booster vos publicit\u00e9s !","og_url":"https:\/\/hopeboutique.net\/index.php\/produit\/creation-configurationpublicite-facebook\/","og_site_name":"hopeboutique.net","article_publisher":"https:\/\/www.facebook.com\/HopeBoutique.entreprise","article_modified_time":"2026-05-03T13:13:42+00:00","og_image":[{"width":1920,"height":1080,"url":"https:\/\/hopeboutique.net\/wp-content\/uploads\/2022\/07\/Decouvrez-notre-boutique-en-ligne-2.png","type":"image\/png"}],"twitter_card":"summary_large_image","schema":{"@context":"https:\/\/schema.org","@graph":[{"@type":"WebPage","@id":"https:\/\/hopeboutique.net\/index.php\/produit\/creation-configurationpublicite-facebook\/","url":"https:\/\/hopeboutique.net\/index.php\/produit\/creation-configurationpublicite-facebook\/","name":"cr\u00e9ation, configuration,publicit\u00e9 Facebook - hopeboutique.net","isPartOf":{"@id":"https:\/\/hopeboutique.net\/#website"},"primaryImageOfPage":{"@id":"https:\/\/hopeboutique.net\/index.php\/produit\/creation-configurationpublicite-facebook\/#primaryimage"},"image":{"@id":"https:\/\/hopeboutique.net\/index.php\/produit\/creation-configurationpublicite-facebook\/#primaryimage"},"thumbnailUrl":"https:\/\/hopeboutique.net\/wp-content\/uploads\/2022\/07\/Decouvrez-notre-boutique-en-ligne-2.png","datePublished":"2022-07-13T09:38:42+00:00","dateModified":"2026-05-03T13:13:42+00:00","breadcrumb":{"@id":"https:\/\/hopeboutique.net\/index.php\/produit\/creation-configurationpublicite-facebook\/#breadcrumb"},"inLanguage":"fr-FR","potentialAction":[{"@type":"ReadAction","target":["https:\/\/hopeboutique.net\/index.php\/produit\/creation-configurationpublicite-facebook\/"]}]},{"@type":"ImageObject","inLanguage":"fr-FR","@id":"https:\/\/hopeboutique.net\/index.php\/produit\/creation-configurationpublicite-facebook\/#primaryimage","url":"https:\/\/hopeboutique.net\/wp-content\/uploads\/2022\/07\/Decouvrez-notre-boutique-en-ligne-2.png","contentUrl":"https:\/\/hopeboutique.net\/wp-content\/uploads\/2022\/07\/Decouvrez-notre-boutique-en-ligne-2.png","width":1920,"height":1080},{"@type":"BreadcrumbList","@id":"https:\/\/hopeboutique.net\/index.php\/produit\/creation-configurationpublicite-facebook\/#breadcrumb","itemListElement":[{"@type":"ListItem","position":1,"name":"Accueil","item":"https:\/\/hopeboutique.net\/"},{"@type":"ListItem","position":2,"name":"Boutique","item":"https:\/\/hopeboutique.net\/index.php\/boutique\/"},{"@type":"ListItem","position":3,"name":"cr\u00e9ation, configuration,publicit\u00e9 Facebook"}]},{"@type":"WebSite","@id":"https:\/\/hopeboutique.net\/#website","url":"https:\/\/hopeboutique.net\/","name":"hopeboutique.net","description":"Construisez votre avenir ici","publisher":{"@id":"https:\/\/hopeboutique.net\/#organization"},"potentialAction":[{"@type":"SearchAction","target":{"@type":"EntryPoint","urlTemplate":"https:\/\/hopeboutique.net\/?s={search_term_string}"},"query-input":{"@type":"PropertyValueSpecification","valueRequired":true,"valueName":"search_term_string"}}],"inLanguage":"fr-FR"},{"@type":"Organization","@id":"https:\/\/hopeboutique.net\/#organization","name":"hopeboutique.net","url":"https:\/\/hopeboutique.net\/","logo":{"@type":"ImageObject","inLanguage":"fr-FR","@id":"https:\/\/hopeboutique.net\/#\/schema\/logo\/image\/","url":"https:\/\/hopeboutique.net\/wp-content\/uploads\/2022\/07\/logo-2.png","contentUrl":"https:\/\/hopeboutique.net\/wp-content\/uploads\/2022\/07\/logo-2.png","width":108,"height":153,"caption":"hopeboutique.net"},"image":{"@id":"https:\/\/hopeboutique.net\/#\/schema\/logo\/image\/"},"sameAs":["https:\/\/www.facebook.com\/HopeBoutique.entreprise"]}]}},"_links":{"self":[{"href":"https:\/\/hopeboutique.net\/index.php\/wp-json\/wp\/v2\/product\/642","targetHints":{"allow":["GET"]}}],"collection":[{"href":"https:\/\/hopeboutique.net\/index.php\/wp-json\/wp\/v2\/product"}],"about":[{"href":"https:\/\/hopeboutique.net\/index.php\/wp-json\/wp\/v2\/types\/product"}],"replies":[{"embeddable":true,"href":"https:\/\/hopeboutique.net\/index.php\/wp-json\/wp\/v2\/comments?post=642"}],"wp:featuredmedia":[{"embeddable":true,"href":"https:\/\/hopeboutique.net\/index.php\/wp-json\/wp\/v2\/media\/633"}],"wp:attachment":[{"href":"https:\/\/hopeboutique.net\/index.php\/wp-json\/wp\/v2\/media?parent=642"}],"wp:term":[{"taxonomy":"product_brand","embeddable":true,"href":"https:\/\/hopeboutique.net\/index.php\/wp-json\/wp\/v2\/product_brand?post=642"},{"taxonomy":"product_cat","embeddable":true,"href":"https:\/\/hopeboutique.net\/index.php\/wp-json\/wp\/v2\/product_cat?post=642"},{"taxonomy":"product_tag","embeddable":true,"href":"https:\/\/hopeboutique.net\/index.php\/wp-json\/wp\/v2\/product_tag?post=642"}],"curies":[{"name":"wp","href":"https:\/\/api.w.org\/{rel}","templated":true}]}}